{"id":7148,"date":"2025-12-10T11:38:15","date_gmt":"2025-12-10T14:38:15","guid":{"rendered":"https:\/\/institutolibio.org.br\/?page_id=7148"},"modified":"2025-12-10T11:38:15","modified_gmt":"2025-12-10T14:38:15","slug":"noticias","status":"publish","type":"page","link":"https:\/\/institutolibio.org.br\/en\/noticias\/","title":{"rendered":"Blog"},"content":{"rendered":"<p>[et_pb_section fb_built=&#8221;1&#8243; _builder_version=&#8221;4.16&#8243; _module_preset=&#8221;default&#8221; custom_padding=&#8221;||4px|||&#8221; global_colors_info=&#8221;{}&#8221;][et_pb_row _builder_version=&#8221;4.16&#8243; _module_preset=&#8221;default&#8221; global_colors_info=&#8221;{}&#8221;][et_pb_column type=&#8221;4_4&#8243; _builder_version=&#8221;4.16&#8243; _module_preset=&#8221;default&#8221; global_colors_info=&#8221;{}&#8221;][et_pb_code _builder_version=&#8221;4.16&#8243; _module_preset=&#8221;default&#8221; global_colors_info=&#8221;{}&#8221;]<!-- [et_pb_line_break_holder] -->[\/et_pb_code][\/et_pb_column][\/et_pb_row][\/et_pb_section][et_pb_section fb_built=&#8221;1&#8243; admin_label=&#8221;Services&#8221; _builder_version=&#8221;4.16&#8243; background_enable_color=&#8221;off&#8221; background_image=&#8221;http:\/\/libio.org.br\/wp-content\/uploads\/2021\/01\/bg-news.png&#8221; custom_padding=&#8221;100px|0px|100px|0px|true|false&#8221; border_radii=&#8221;off||15vw||15vw&#8221; global_colors_info=&#8221;{}&#8221;][et_pb_row column_structure=&#8221;3_4,1_4&#8243; disabled_on=&#8221;off|off|off&#8221; admin_label=&#8221;noticias&#8221; _builder_version=&#8221;4.18.0&#8243; _module_preset=&#8221;default&#8221; global_colors_info=&#8221;{}&#8221;][et_pb_column type=&#8221;3_4&#8243; _builder_version=&#8221;4.18.0&#8243; _module_preset=&#8221;default&#8221; global_colors_info=&#8221;{}&#8221;][et_pb_blog posts_number=&#8221;8&#8243; include_categories=&#8221;all&#8221; excerpt_length=&#8221;120&#8243; show_pagination=&#8221;on&#8221; _builder_version=&#8221;4.18.0&#8243; _module_preset=&#8221;830b4f66-b841-4496-988d-f0a6e26359cd&#8221; border_radii=&#8221;on|15px|15px|15px|15px&#8221; saved_tabs=&#8221;all&#8221; global_colors_info=&#8221;{}&#8221;][\/et_pb_blog][\/et_pb_column][et_pb_column type=&#8221;1_4&#8243; _builder_version=&#8221;4.18.0&#8243; _module_preset=&#8221;default&#8221; global_colors_info=&#8221;{}&#8221;][et_pb_sidebar orientation=&#8221;right&#8221; area=&#8221;sidebar-1&#8243; show_border=&#8221;off&#8221; _builder_version=&#8221;4.18.0&#8243; _module_preset=&#8221;default&#8221; global_colors_info=&#8221;{}&#8221;][\/et_pb_sidebar][\/et_pb_column][\/et_pb_row][et_pb_row _builder_version=&#8221;4.18.0&#8243; _module_preset=&#8221;default&#8221; global_colors_info=&#8221;{}&#8221;][et_pb_column type=&#8221;4_4&#8243; _builder_version=&#8221;4.18.0&#8243; _module_preset=&#8221;default&#8221; global_colors_info=&#8221;{}&#8221;][\/et_pb_column][\/et_pb_row][\/et_pb_section][et_pb_section fb_built=&#8221;1&#8243; admin_label=&#8221;Why Us&#8221; _builder_version=&#8221;4.16&#8243; custom_padding=&#8221;4px|0px|100px|0px|false|false&#8221; global_colors_info=&#8221;{}&#8221;][et_pb_row column_structure=&#8221;1_2,1_2&#8243; _builder_version=&#8221;4.16&#8243; width=&#8221;100%&#8221; max_width=&#8221;100%&#8221; custom_margin=&#8221;|||&#8221; custom_margin_tablet=&#8221;||0px|&#8221; custom_margin_phone=&#8221;&#8221; custom_margin_last_edited=&#8221;on|desktop&#8221; custom_padding=&#8221;|||&#8221; use_custom_width=&#8221;on&#8221; width_unit=&#8221;off&#8221; custom_width_percent=&#8221;100%&#8221; global_colors_info=&#8221;{}&#8221;][et_pb_column type=&#8221;1_2&#8243; _builder_version=&#8221;4.16&#8243; custom_padding=&#8221;60px|||14%|false|false&#8221; custom_padding_tablet=&#8221;0px|50px|50px|50px&#8221; custom_padding_phone=&#8221;&#8221; custom_padding_last_edited=&#8221;on|desktop&#8221; border_radii=&#8221;off|15vw|||&#8221; global_colors_info=&#8221;{}&#8221; padding_tablet=&#8221;0px|50px|50px|50px&#8221; padding_last_edited=&#8221;on|desktop&#8221; custom_padding__hover=&#8221;|||&#8221; padding_phone=&#8221;0px|50px|50px|50px&#8221;][et_pb_text _builder_version=&#8221;4.22.1&#8243; text_font=&#8221;Montserrat|300|||||||&#8221; text_font_size=&#8221;32px&#8221; text_line_height=&#8221;1em&#8221; header_font=&#8221;||||||||&#8221; header_font_size=&#8221;32px&#8221; header_2_font=&#8221;Montserrat|300|||||||&#8221; header_2_font_size=&#8221;39px&#8221; header_2_line_height=&#8221;1.2em&#8221; max_width=&#8221;600px&#8221; custom_margin=&#8221;73px||8px||false|false&#8221; custom_margin_tablet=&#8221;0px|50px||50px&#8221; custom_margin_phone=&#8221;|0px||0px|false|false&#8221; custom_margin_last_edited=&#8221;on|desktop&#8221; custom_padding=&#8221;|||&#8221; hover_enabled=&#8221;0&#8243; header_2_font_size_tablet=&#8221;&#8221; header_2_font_size_phone=&#8221;30px&#8221; header_2_font_size_last_edited=&#8221;on|desktop&#8221; global_colors_info=&#8221;{}&#8221; sticky_enabled=&#8221;0&#8243;]<\/p>\n<h2 style=\"text-align: left;\"><span style=\"font-size: 38px;\"><strong>The Path to Rescue<\/strong><\/span><\/h2>\n<p>[\/et_pb_text][et_pb_text _builder_version=&#8221;4.16&#8243; text_font=&#8221;Montserrat|300|||||||&#8221; text_font_size=&#8221;17px&#8221; text_line_height=&#8221;2em&#8221; link_font=&#8221;||||||||&#8221; ul_font=&#8221;||||||||&#8221; ol_font=&#8221;||||||||&#8221; quote_font=&#8221;||||||||&#8221; header_font=&#8221;||||||||&#8221; header_2_font=&#8221;Montserrat|300|||||||&#8221; header_2_text_color=&#8221;#212d3b&#8221; header_2_font_size=&#8221;40px&#8221; header_2_line_height=&#8221;1.5em&#8221; max_width=&#8221;600px&#8221; custom_margin=&#8221;22px||||false|false&#8221; custom_margin_tablet=&#8221;0px|50px||50px&#8221; custom_margin_last_edited=&#8221;off|desktop&#8221; custom_padding=&#8221;|||&#8221; global_colors_info=&#8221;{}&#8221;]<\/p>\n<p><strong><span>All animals rescued by the Environmental Police that are unfit for release into the wild, and are successfully sent to Conservatories (Maintenance Facilities) like ours, will be able to have a more dignified life.<\/span><\/strong><\/p>\n<p>[\/et_pb_text][\/et_pb_column][et_pb_column type=&#8221;1_2&#8243; _builder_version=&#8221;4.16&#8243; custom_padding=&#8221;|||&#8221; global_colors_info=&#8221;{}&#8221; custom_padding__hover=&#8221;|||&#8221;][et_pb_image src=&#8221;http:\/\/libio.org.br\/wp-content\/uploads\/2020\/12\/animal-banner3-min.png&#8221; title_text=&#8221;animal-banner3-min&#8221; force_fullwidth=&#8221;on&#8221; align_tablet=&#8221;center&#8221; align_phone=&#8221;&#8221; align_last_edited=&#8221;on|desktop&#8221; _builder_version=&#8221;4.16&#8243; custom_margin=&#8221;|||&#8221; custom_padding=&#8221;|||&#8221; animation_style=&#8221;slide&#8221; animation_direction=&#8221;right&#8221; animation_intensity_slide=&#8221;5%&#8221; border_radii=&#8221;|30px|||15vw&#8221; border_color_all=&#8221;#a9cc50&#8243; border_width_left=&#8221;2vw&#8221; box_shadow_style=&#8221;preset3&#8243; box_shadow_vertical=&#8221;30px&#8221; box_shadow_blur=&#8221;80px&#8221; box_shadow_spread=&#8221;-30px&#8221; box_shadow_color=&#8221;rgba(102,141,186,0.7)&#8221; global_colors_info=&#8221;{}&#8221;][\/et_pb_image][\/et_pb_column][\/et_pb_row][\/et_pb_section][et_pb_section fb_built=&#8221;1&#8243; disabled_on=&#8221;on|on|on&#8221; admin_label=&#8221;Call To Action&#8221; _builder_version=&#8221;4.16&#8243; background_color=&#8221;#f4f9e6&#8243; background_image=&#8221;http:\/\/libio.org.br\/wp-content\/uploads\/2020\/11\/Retangulo-4.png&#8221; background_size=&#8221;contain&#8221; background_position=&#8221;center_left&#8221; custom_margin=&#8221;0px|0px|0px|0px&#8221; custom_padding=&#8221;0|0px|0|0px|false|false&#8221; border_color_all=&#8221;#f1f5f7&#8243; border_width_bottom=&#8221;50px&#8221; disabled=&#8221;on&#8221; locked=&#8221;off&#8221; global_colors_info=&#8221;{}&#8221;][et_pb_row column_structure=&#8221;1_3,1_3,1_3&#8243; use_custom_gutter=&#8221;on&#8221; module_class=&#8221;news&#8221; _builder_version=&#8221;4.16&#8243; use_background_color_gradient=&#8221;on&#8221; background_color_gradient_stops=&#8221;rgba(49,128,192,0.2) 0%|rgba(49,128,192,0.6) 100%&#8221; background_color_gradient_overlays_image=&#8221;on&#8221; background_color_gradient_start=&#8221;rgba(49,128,192,0.2)&#8221; background_color_gradient_end=&#8221;rgba(49,128,192,0.6)&#8221; background_image=&#8221;http:\/\/libio.org.br\/wp-content\/uploads\/2020\/12\/passaro-compressed-1.jpg&#8221; width=&#8221;93%&#8221; max_width=&#8221;93%&#8221; module_alignment=&#8221;right&#8221; custom_margin=&#8221;|||&#8221; custom_margin_phone=&#8221;|||&#8221; custom_margin_last_edited=&#8221;off|desktop&#8221; custom_padding=&#8221;150px|40px|150px|40px|true|true&#8221; animation_style=&#8221;slide&#8221; animation_direction=&#8221;right&#8221; animation_intensity_slide=&#8221;1%&#8221; border_radii=&#8221;|30px|||30px&#8221; box_shadow_style=&#8221;preset3&#8243; box_shadow_vertical=&#8221;30px&#8221; box_shadow_blur=&#8221;80px&#8221; box_shadow_spread=&#8221;-30px&#8221; box_shadow_color=&#8221;rgba(124,218,36,0.3)&#8221; use_custom_width=&#8221;on&#8221; width_unit=&#8221;off&#8221; custom_width_percent=&#8221;93%&#8221; global_colors_info=&#8221;{}&#8221;][et_pb_column type=&#8221;1_3&#8243; _builder_version=&#8221;4.16&#8243; custom_padding=&#8221;|||&#8221; global_colors_info=&#8221;{}&#8221; custom_padding__hover=&#8221;|||&#8221;][\/et_pb_column][et_pb_column type=&#8221;1_3&#8243; _builder_version=&#8221;4.16&#8243; custom_padding=&#8221;|||&#8221; global_colors_info=&#8221;{}&#8221; custom_padding__hover=&#8221;|||&#8221;][et_pb_text _builder_version=&#8221;4.16&#8243; header_font=&#8221;||||||||&#8221; header_2_font=&#8221;Montserrat|300|||||||&#8221; header_2_text_align=&#8221;center&#8221; header_2_text_color=&#8221;#ffffff&#8221; header_2_font_size=&#8221;30px&#8221; header_2_line_height=&#8221;1.4em&#8221; max_width=&#8221;900px&#8221; module_alignment=&#8221;center&#8221; custom_margin=&#8221;||15px|||&#8221; header_2_font_size_tablet=&#8221;40px&#8221; header_2_font_size_phone=&#8221;30px&#8221; header_2_font_size_last_edited=&#8221;on|phone&#8221; global_colors_info=&#8221;{}&#8221;]<\/p>\n<h2>Assine nossa newsletter<\/h2>\n<p>[\/et_pb_text][wpforms_selector form_id=&#8221;1672&#8243; _builder_version=&#8221;4.6.1&#8243; _module_preset=&#8221;default&#8221; global_colors_info=&#8221;{}&#8221;][\/wpforms_selector][\/et_pb_column][et_pb_column type=&#8221;1_3&#8243; _builder_version=&#8221;4.16&#8243; custom_padding=&#8221;|||&#8221; global_colors_info=&#8221;{}&#8221; custom_padding__hover=&#8221;|||&#8221;][\/et_pb_column][\/et_pb_row][\/et_pb_section]<\/p>\n","protected":false},"excerpt":{"rendered":"<p>The Path to RescueAll animals rescued by the Environmental Police that are unfit for release into the wild, and are successfully sent to Conservatories (Maintenance Facilities) like ours, will be able to have a more dignified life.Assine nossa newsletter<div class=\"et_pb_module wpforms_selector wpforms_selector_0\">\n\t\t\t\t\n\t\t\t\t\n\t\t\t\t\n\t\t\t\t\n\t\t\t\t\n\t\t\t\t\n\t\t\t\t<div class=\"et_pb_module_inner\">\n\t\t\t\t\t<div class=\"wpforms-container wpforms-container-full\" id=\"wpforms-1672\"><form id=\"wpforms-form-1672\" class=\"wpforms-validate wpforms-form\" data-formid=\"1672\" method=\"post\" enctype=\"multipart\/form-data\" action=\"\/en\/wp-json\/wp\/v2\/pages\/7148\" data-token=\"c0a1ca4385f675f5bbcc13f5359f6b9b\"><noscript class=\"wpforms-error-noscript\">Please enable JavaScript in your browser to complete this form.<\/noscript><div class=\"wpforms-field-container\"><div id=\"wpforms-1672-field_1-container\" class=\"wpforms-field wpforms-field-email\" data-field-id=\"1\"><label class=\"wpforms-field-label wpforms-label-hide\" for=\"wpforms-1672-field_1\">E-mail <span class=\"wpforms-required-label\">*<\/span><\/label><input type=\"email\" id=\"wpforms-1672-field_1\" class=\"wpforms-field-medium wpforms-field-required\" name=\"wpforms[fields][1]\" placeholder=\"E-mail\" spellcheck=\"false\" required><\/div><\/div><!-- .wpforms-field-container --><div class=\"wpforms-submit-container\" ><input type=\"hidden\" name=\"wpforms[id]\" value=\"1672\"><input type=\"hidden\" name=\"wpforms[author]\" value=\"8\"><button type=\"submit\" name=\"wpforms[submit]\" id=\"wpforms-submit-1672\" class=\"wpforms-submit\" data-alt-text=\"Enviando...\" data-submit-text=\"Inscreva-se\" aria-live=\"assertive\" value=\"wpforms-submit\">Inscreva-se<\/button><\/div><\/form><\/div>  <!-- .wpforms-container -->\n\t\t\t\t<\/div>\n\t\t\t<\/div><\/p>\n","protected":false},"author":3,"featured_media":0,"parent":0,"menu_order":0,"comment_status":"closed","ping_status":"closed","template":"","meta":{"_et_pb_use_builder":"on","_et_pb_old_content":"","_et_gb_content_width":"","footnotes":""},"class_list":["post-7148","page","type-page","status-publish","hentry"],"yoast_head":"<!-- This site is optimized with the Yoast SEO plugin v27.2 - https:\/\/yoast.com\/product\/yoast-seo-wordpress\/ -->\n<title>Blog - Instituto Libio<\/title>\n<meta name=\"robots\" content=\"index, follow, max-snippet:-1, max-image-preview:large, max-video-preview:-1\" \/>\n<link rel=\"canonical\" href=\"https:\/\/institutolibio.org.br\/noticias\/\" \/>\n<meta property=\"og:locale\" content=\"en_US\" \/>\n<meta property=\"og:type\" content=\"article\" \/>\n<meta property=\"og:title\" content=\"Blog - Instituto Libio\" \/>\n<meta property=\"og:description\" content=\"Conhe\u00e7a os recursos dispon\u00edveis para denunciar crime ambientalSaber como denunciar crime ambiental \u00e9 fundamental para contribuir com a preserva\u00e7\u00e3o da natureza. Por isso, reunimos nesta p\u00e1gina algumas informa\u00e7\u00f5es e canais que podem te ajudar a cumprir este objetivo.Linha VerdeA Linha Verde \u00e9 a central de den\u00fancias do Instituto Brasileiro do Meio Ambiente e dos [&hellip;]\" \/>\n<meta property=\"og:url\" content=\"https:\/\/institutolibio.org.br\/noticias\/\" \/>\n<meta property=\"og:site_name\" content=\"Instituto Libio\" \/>\n<meta name=\"twitter:card\" content=\"summary_large_image\" \/>\n<meta name=\"twitter:label1\" content=\"Est. reading time\" \/>\n\t<meta name=\"twitter:data1\" content=\"5 minutes\" \/>\n<script type=\"application\/ld+json\" class=\"yoast-schema-graph\">{\"@context\":\"https:\/\/schema.org\",\"@graph\":[{\"@type\":\"WebPage\",\"@id\":\"https:\/\/institutolibio.org.br\/noticias\/\",\"url\":\"https:\/\/institutolibio.org.br\/noticias\/\",\"name\":\"Blog - Instituto Libio\",\"isPartOf\":{\"@id\":\"https:\/\/institutolibio.org.br\/#website\"},\"datePublished\":\"2025-12-10T14:38:15+00:00\",\"breadcrumb\":{\"@id\":\"https:\/\/institutolibio.org.br\/noticias\/#breadcrumb\"},\"inLanguage\":\"en-EUA\",\"potentialAction\":[{\"@type\":\"ReadAction\",\"target\":[\"https:\/\/institutolibio.org.br\/noticias\/\"]}]},{\"@type\":\"BreadcrumbList\",\"@id\":\"https:\/\/institutolibio.org.br\/noticias\/#breadcrumb\",\"itemListElement\":[{\"@type\":\"ListItem\",\"position\":1,\"name\":\"In\u00edcio\",\"item\":\"https:\/\/institutolibio.org.br\/en\/\"},{\"@type\":\"ListItem\",\"position\":2,\"name\":\"Blog\"}]},{\"@type\":\"WebSite\",\"@id\":\"https:\/\/institutolibio.org.br\/#website\",\"url\":\"https:\/\/institutolibio.org.br\/\",\"name\":\"Instituto Libio\",\"description\":\"Prote\u00e7\u00e3o \u00e0 Natureza\",\"publisher\":{\"@id\":\"https:\/\/institutolibio.org.br\/#organization\"},\"potentialAction\":[{\"@type\":\"SearchAction\",\"target\":{\"@type\":\"EntryPoint\",\"urlTemplate\":\"https:\/\/institutolibio.org.br\/?s={search_term_string}\"},\"query-input\":{\"@type\":\"PropertyValueSpecification\",\"valueRequired\":true,\"valueName\":\"search_term_string\"}}],\"inLanguage\":\"en-EUA\"},{\"@type\":\"Organization\",\"@id\":\"https:\/\/institutolibio.org.br\/#organization\",\"name\":\"Instituto Libio\",\"url\":\"https:\/\/institutolibio.org.br\/\",\"logo\":{\"@type\":\"ImageObject\",\"inLanguage\":\"en-EUA\",\"@id\":\"https:\/\/institutolibio.org.br\/#\/schema\/logo\/image\/\",\"url\":\"https:\/\/institutolibio.org.br\/wp-content\/uploads\/2023\/02\/logo-libio-cor.png\",\"contentUrl\":\"https:\/\/institutolibio.org.br\/wp-content\/uploads\/2023\/02\/logo-libio-cor.png\",\"width\":153,\"height\":57,\"caption\":\"Instituto Libio\"},\"image\":{\"@id\":\"https:\/\/institutolibio.org.br\/#\/schema\/logo\/image\/\"}}]}<\/script>\n<!-- \/ Yoast SEO plugin. -->","yoast_head_json":{"title":"Blog - Instituto Libio","robots":{"index":"index","follow":"follow","max-snippet":"max-snippet:-1","max-image-preview":"max-image-preview:large","max-video-preview":"max-video-preview:-1"},"canonical":"https:\/\/institutolibio.org.br\/noticias\/","og_locale":"en_US","og_type":"article","og_title":"Blog - Instituto Libio","og_description":"Conhe\u00e7a os recursos dispon\u00edveis para denunciar crime ambientalSaber como denunciar crime ambiental \u00e9 fundamental para contribuir com a preserva\u00e7\u00e3o da natureza. Por isso, reunimos nesta p\u00e1gina algumas informa\u00e7\u00f5es e canais que podem te ajudar a cumprir este objetivo.Linha VerdeA Linha Verde \u00e9 a central de den\u00fancias do Instituto Brasileiro do Meio Ambiente e dos [&hellip;]","og_url":"https:\/\/institutolibio.org.br\/noticias\/","og_site_name":"Instituto Libio","twitter_card":"summary_large_image","twitter_misc":{"Est. reading time":"5 minutes"},"schema":{"@context":"https:\/\/schema.org","@graph":[{"@type":"WebPage","@id":"https:\/\/institutolibio.org.br\/noticias\/","url":"https:\/\/institutolibio.org.br\/noticias\/","name":"Blog - Instituto Libio","isPartOf":{"@id":"https:\/\/institutolibio.org.br\/#website"},"datePublished":"2025-12-10T14:38:15+00:00","breadcrumb":{"@id":"https:\/\/institutolibio.org.br\/noticias\/#breadcrumb"},"inLanguage":"en-EUA","potentialAction":[{"@type":"ReadAction","target":["https:\/\/institutolibio.org.br\/noticias\/"]}]},{"@type":"BreadcrumbList","@id":"https:\/\/institutolibio.org.br\/noticias\/#breadcrumb","itemListElement":[{"@type":"ListItem","position":1,"name":"In\u00edcio","item":"https:\/\/institutolibio.org.br\/en\/"},{"@type":"ListItem","position":2,"name":"Blog"}]},{"@type":"WebSite","@id":"https:\/\/institutolibio.org.br\/#website","url":"https:\/\/institutolibio.org.br\/","name":"Instituto Libio","description":"Prote\u00e7\u00e3o \u00e0 Natureza","publisher":{"@id":"https:\/\/institutolibio.org.br\/#organization"},"potentialAction":[{"@type":"SearchAction","target":{"@type":"EntryPoint","urlTemplate":"https:\/\/institutolibio.org.br\/?s={search_term_string}"},"query-input":{"@type":"PropertyValueSpecification","valueRequired":true,"valueName":"search_term_string"}}],"inLanguage":"en-EUA"},{"@type":"Organization","@id":"https:\/\/institutolibio.org.br\/#organization","name":"Instituto Libio","url":"https:\/\/institutolibio.org.br\/","logo":{"@type":"ImageObject","inLanguage":"en-EUA","@id":"https:\/\/institutolibio.org.br\/#\/schema\/logo\/image\/","url":"https:\/\/institutolibio.org.br\/wp-content\/uploads\/2023\/02\/logo-libio-cor.png","contentUrl":"https:\/\/institutolibio.org.br\/wp-content\/uploads\/2023\/02\/logo-libio-cor.png","width":153,"height":57,"caption":"Instituto Libio"},"image":{"@id":"https:\/\/institutolibio.org.br\/#\/schema\/logo\/image\/"}}]}},"_links":{"self":[{"href":"https:\/\/institutolibio.org.br\/en\/wp-json\/wp\/v2\/pages\/7148","targetHints":{"allow":["GET"]}}],"collection":[{"href":"https:\/\/institutolibio.org.br\/en\/wp-json\/wp\/v2\/pages"}],"about":[{"href":"https:\/\/institutolibio.org.br\/en\/wp-json\/wp\/v2\/types\/page"}],"author":[{"embeddable":true,"href":"https:\/\/institutolibio.org.br\/en\/wp-json\/wp\/v2\/users\/3"}],"replies":[{"embeddable":true,"href":"https:\/\/institutolibio.org.br\/en\/wp-json\/wp\/v2\/comments?post=7148"}],"version-history":[{"count":3,"href":"https:\/\/institutolibio.org.br\/en\/wp-json\/wp\/v2\/pages\/7148\/revisions"}],"predecessor-version":[{"id":7154,"href":"https:\/\/institutolibio.org.br\/en\/wp-json\/wp\/v2\/pages\/7148\/revisions\/7154"}],"wp:attachment":[{"href":"https:\/\/institutolibio.org.br\/en\/wp-json\/wp\/v2\/media?parent=7148"}],"curies":[{"name":"wp","href":"https:\/\/api.w.org\/{rel}","templated":true}]}}