{"id":6745,"date":"2025-09-17T12:36:42","date_gmt":"2025-09-17T15:36:42","guid":{"rendered":"https:\/\/institutolibio.org.br\/projeto-adote-meu-ninho\/"},"modified":"2025-11-04T19:18:00","modified_gmt":"2025-11-04T22:18:00","slug":"adote-meu-ninho-project","status":"publish","type":"page","link":"https:\/\/institutolibio.org.br\/en\/adote-meu-ninho-project\/","title":{"rendered":"Adote meu Ninho Project"},"content":{"rendered":"<p>[et_pb_section fb_built=&#8221;1&#8243; next_background_color=&#8221;#ffffff&#8221; admin_label=&#8221;abertura&#8221; _builder_version=&#8221;4.22.1&#8243; _module_preset=&#8221;default&#8221; background_enable_color=&#8221;off&#8221; background_image=&#8221;https:\/\/institutolibio.org.br\/wp-content\/uploads\/2025\/09\/7-1.png&#8221; background_blend=&#8221;multiply&#8221; module_alignment=&#8221;center&#8221; custom_padding=&#8221;||4px|||&#8221; bottom_divider_style=&#8221;wave&#8221; bottom_divider_height=&#8221;40px&#8221; global_colors_info=&#8221;{}&#8221;][et_pb_row make_equal=&#8221;on&#8221; admin_label=&#8221;Linha&#8221; _builder_version=&#8221;4.17.4&#8243; _module_preset=&#8221;default&#8221; module_alignment=&#8221;center&#8221; global_colors_info=&#8221;{}&#8221;][et_pb_column type=&#8221;4_4&#8243; admin_label=&#8221;Coluna&#8221; _builder_version=&#8221;4.16&#8243; _module_preset=&#8221;default&#8221; global_colors_info=&#8221;{}&#8221;][et_pb_divider show_divider=&#8221;off&#8221; _builder_version=&#8221;4.16&#8243; _module_preset=&#8221;default&#8221; min_height=&#8221;280px&#8221; global_colors_info=&#8221;{}&#8221;][\/et_pb_divider][et_pb_text admin_label=&#8221;Texto&#8221; _builder_version=&#8221;4.22.1&#8243; _module_preset=&#8221;default&#8221; text_font=&#8221;Montserrat|600|||||||&#8221; text_text_color=&#8221;#FFFFFF&#8221; text_font_size=&#8221;40px&#8221; text_orientation=&#8221;center&#8221; background_layout=&#8221;dark&#8221; module_alignment=&#8221;center&#8221; custom_padding=&#8221;||||false|false&#8221; hover_enabled=&#8221;0&#8243; text_font_size_tablet=&#8221;35px&#8221; text_font_size_phone=&#8221;25px&#8221; text_font_size_last_edited=&#8221;on|phone&#8221; global_colors_info=&#8221;{}&#8221; sticky_enabled=&#8221;0&#8243;]<\/p>\n<p style=\"text-align: center;\">ADOTE MEU NINHO PROJECT<\/p>\n<p>[\/et_pb_text][et_pb_text admin_label=&#8221;Texto&#8221; _builder_version=&#8221;4.17.4&#8243; _module_preset=&#8221;default&#8221; text_font=&#8221;Montserrat|500|||||||&#8221; text_text_color=&#8221;#FFFFFF&#8221; text_font_size=&#8221;21px&#8221; text_orientation=&#8221;center&#8221; background_layout=&#8221;dark&#8221; module_alignment=&#8221;center&#8221; custom_padding=&#8221;||||false|false&#8221; global_colors_info=&#8221;{}&#8221;][\/et_pb_text][et_pb_divider show_divider=&#8221;off&#8221; _builder_version=&#8221;4.16&#8243; _module_preset=&#8221;default&#8221; min_height=&#8221;200px&#8221; global_colors_info=&#8221;{}&#8221;][\/et_pb_divider][\/et_pb_column][\/et_pb_row][\/et_pb_section][et_pb_section fb_built=&#8221;1&#8243; _builder_version=&#8221;4.22.1&#8243; _module_preset=&#8221;default&#8221; global_colors_info=&#8221;{}&#8221;][et_pb_row admin_label=&#8221;apadrinhe&#8221; module_id=&#8221;apadrinhe&#8221; _builder_version=&#8221;4.22.1&#8243; _module_preset=&#8221;default&#8221; max_width=&#8221;1220px&#8221; global_colors_info=&#8221;{}&#8221;][et_pb_column type=&#8221;4_4&#8243; _builder_version=&#8221;4.17.4&#8243; _module_preset=&#8221;default&#8221; global_colors_info=&#8221;{}&#8221;][et_pb_text _builder_version=&#8221;4.22.1&#8243; _module_preset=&#8221;default&#8221; text_font=&#8221;||||||||&#8221; text_font_size=&#8221;16px&#8221; header_font=&#8221;|700|||||||&#8221; header_font_size=&#8221;28px&#8221; min_height=&#8221;45px&#8221; custom_margin=&#8221;0px|||||&#8221; custom_padding=&#8221;0px||||false|false&#8221; hover_enabled=&#8221;0&#8243; global_colors_info=&#8221;{}&#8221; sticky_enabled=&#8221;0&#8243;]<\/p>\n<p class=\"p1\" style=\"text-align: center;\"><strong>Each project at Instituto L\u00edbio is born from a deep commitment to protecting wildlife.<br data-start=\"90\" data-end=\"93\" \/>With the support of strategic partners, we join forces to rehabilitate animals, preserve natural habitats, and keep Brazil\u2019s biodiversity alive.<\/strong><\/p>\n<p>[\/et_pb_text][\/et_pb_column][\/et_pb_row][et_pb_row admin_label=&#8221;apadrinhe&#8221; module_id=&#8221;apadrinhe&#8221; _builder_version=&#8221;4.22.1&#8243; _module_preset=&#8221;default&#8221; max_width=&#8221;1220px&#8221; global_colors_info=&#8221;{}&#8221;][et_pb_column type=&#8221;4_4&#8243; _builder_version=&#8221;4.17.4&#8243; _module_preset=&#8221;default&#8221; global_colors_info=&#8221;{}&#8221;][et_pb_text _builder_version=&#8221;4.22.1&#8243; _module_preset=&#8221;default&#8221; text_text_color=&#8221;#F7941D&#8221; text_font_size=&#8221;27px&#8221; global_colors_info=&#8221;{}&#8221;]<\/p>\n<p style=\"text-align: center;\"><strong>Adote meu Ninho<\/strong><\/p>\n<p>[\/et_pb_text][\/et_pb_column][\/et_pb_row][et_pb_row admin_label=&#8221;apadrinhe&#8221; module_id=&#8221;apadrinhe&#8221; _builder_version=&#8221;4.22.1&#8243; _module_preset=&#8221;default&#8221; max_width=&#8221;1220px&#8221; global_colors_info=&#8221;{}&#8221;][et_pb_column type=&#8221;4_4&#8243; _builder_version=&#8221;4.17.4&#8243; _module_preset=&#8221;default&#8221; global_colors_info=&#8221;{}&#8221;][et_pb_text _builder_version=&#8221;4.22.1&#8243; _module_preset=&#8221;default&#8221; text_font=&#8221;||||||||&#8221; header_font=&#8221;|700|||||||&#8221; header_font_size=&#8221;28px&#8221; min_height=&#8221;45px&#8221; custom_margin=&#8221;0px|||||&#8221; custom_padding=&#8221;0px||||false|false&#8221; hover_enabled=&#8221;0&#8243; global_colors_info=&#8221;{}&#8221; sticky_enabled=&#8221;0&#8243;]<\/p>\n<p style=\"text-align: center;\"><span style=\"font-weight: 400;\">In partnership with <strong data-start=\"4909\" data-end=\"4934\">Instituto Neotr\u00f3picos<\/strong>, <strong data-start=\"4936\" data-end=\"4956\">artificial nests<\/strong> are installed across Instituto L\u00edbio\u2019s reserves. This initiative supports <strong data-start=\"5031\" data-end=\"5049\">avian research<\/strong> on <strong data-start=\"5053\" data-end=\"5078\">breeding and behavior<\/strong>, while also <strong data-start=\"5091\" data-end=\"5125\">aiding endangered bird species<\/strong> by providing <strong data-start=\"5139\" data-end=\"5161\">safe nesting sites<\/strong> and <strong data-start=\"5166\" data-end=\"5200\">protection for eggs and chicks<\/strong> against predators.<\/span><\/p>\n<p>[\/et_pb_text][\/et_pb_column][\/et_pb_row][\/et_pb_section][et_pb_section fb_built=&#8221;1&#8243; _builder_version=&#8221;4.22.1&#8243; _module_preset=&#8221;default&#8221; global_colors_info=&#8221;{}&#8221;][et_pb_row _builder_version=&#8221;4.22.1&#8243; _module_preset=&#8221;default&#8221; width=&#8221;100%&#8221; max_width=&#8221;1220px&#8221; global_colors_info=&#8221;{}&#8221;][et_pb_column type=&#8221;4_4&#8243; _builder_version=&#8221;4.22.1&#8243; _module_preset=&#8221;default&#8221; global_colors_info=&#8221;{}&#8221;][\/et_pb_column][\/et_pb_row][et_pb_row column_structure=&#8221;1_3,1_3,1_3&#8243; use_custom_gutter=&#8221;on&#8221; gutter_width=&#8221;2&#8243; make_equal=&#8221;on&#8221; custom_padding_last_edited=&#8221;on|phone&#8221; _builder_version=&#8221;4.22.1&#8243; _module_preset=&#8221;default&#8221; width=&#8221;100%&#8221; max_width=&#8221;860px&#8221; module_alignment=&#8221;center&#8221; min_height=&#8221;266.8px&#8221; custom_margin=&#8221;||25px||false|false&#8221; custom_margin_tablet=&#8221;||||false|false&#8221; custom_margin_phone=&#8221;||||false|false&#8221; custom_margin_last_edited=&#8221;on|phone&#8221; custom_padding=&#8221;0px|0%|0px|0%|false|true&#8221; custom_padding_tablet=&#8221;|10%||10%|false|true&#8221; custom_padding_phone=&#8221;0px|6%|0px|6%|false|true&#8221; global_colors_info=&#8221;{}&#8221;][et_pb_column type=&#8221;1_3&#8243; _builder_version=&#8221;4.22.1&#8243; _module_preset=&#8221;default&#8221; global_colors_info=&#8221;{}&#8221;][\/et_pb_column][et_pb_column type=&#8221;1_3&#8243; _builder_version=&#8221;4.22.1&#8243; _module_preset=&#8221;default&#8221; global_colors_info=&#8221;{}&#8221;][\/et_pb_column][et_pb_column type=&#8221;1_3&#8243; _builder_version=&#8221;4.22.1&#8243; _module_preset=&#8221;default&#8221; global_colors_info=&#8221;{}&#8221;][\/et_pb_column][\/et_pb_row][\/et_pb_section]<\/p>\n","protected":false},"excerpt":{"rendered":"<p>ADOTE MEU NINHO PROJECTEach project at Instituto L\u00edbio is born from a deep commitment to protecting wildlife.With the support of strategic partners, we join forces to rehabilitate animals, preserve natural habitats, and keep Brazil\u2019s biodiversity alive.Adote meu NinhoIn partnership with Instituto Neotr\u00f3picos, artificial nests are installed across Instituto L\u00edbio\u2019s reserves. This initiative supports avian research [&hellip;]<\/p>\n","protected":false},"author":8,"featured_media":0,"parent":0,"menu_order":0,"comment_status":"closed","ping_status":"closed","template":"","meta":{"_et_pb_use_builder":"on","_et_pb_old_content":"","_et_gb_content_width":"","footnotes":""},"class_list":["post-6745","page","type-page","status-publish","hentry"],"yoast_head":"<!-- This site is optimized with the Yoast SEO plugin v27.2 - https:\/\/yoast.com\/product\/yoast-seo-wordpress\/ -->\n<title>Adote meu Ninho Project - Instituto Libio<\/title>\n<meta name=\"robots\" content=\"index, follow, max-snippet:-1, max-image-preview:large, max-video-preview:-1\" \/>\n<link rel=\"canonical\" href=\"https:\/\/institutolibio.org.br\/en\/adote-meu-ninho-project\/\" \/>\n<meta property=\"og:locale\" content=\"en_US\" \/>\n<meta property=\"og:type\" content=\"article\" \/>\n<meta property=\"og:title\" content=\"Adote meu Ninho Project - Instituto Libio\" \/>\n<meta property=\"og:description\" content=\"Conhe\u00e7a os recursos dispon\u00edveis para denunciar crime ambientalSaber como denunciar crime ambiental \u00e9 fundamental para contribuir com a preserva\u00e7\u00e3o da natureza. Por isso, reunimos nesta p\u00e1gina algumas informa\u00e7\u00f5es e canais que podem te ajudar a cumprir este objetivo.Linha VerdeA Linha Verde \u00e9 a central de den\u00fancias do Instituto Brasileiro do Meio Ambiente e dos [&hellip;]\" \/>\n<meta property=\"og:url\" content=\"https:\/\/institutolibio.org.br\/en\/adote-meu-ninho-project\/\" \/>\n<meta property=\"og:site_name\" content=\"Instituto Libio\" \/>\n<meta property=\"article:modified_time\" content=\"2025-11-04T22:18:00+00:00\" \/>\n<meta name=\"twitter:card\" content=\"summary_large_image\" \/>\n<meta name=\"twitter:label1\" content=\"Est. reading time\" \/>\n\t<meta name=\"twitter:data1\" content=\"1 minute\" \/>\n<script type=\"application\/ld+json\" class=\"yoast-schema-graph\">{\"@context\":\"https:\/\/schema.org\",\"@graph\":[{\"@type\":\"WebPage\",\"@id\":\"https:\/\/institutolibio.org.br\/en\/adote-meu-ninho-project\/\",\"url\":\"https:\/\/institutolibio.org.br\/en\/adote-meu-ninho-project\/\",\"name\":\"Adote meu Ninho Project - Instituto Libio\",\"isPartOf\":{\"@id\":\"https:\/\/institutolibio.org.br\/#website\"},\"datePublished\":\"2025-09-17T15:36:42+00:00\",\"dateModified\":\"2025-11-04T22:18:00+00:00\",\"breadcrumb\":{\"@id\":\"https:\/\/institutolibio.org.br\/en\/adote-meu-ninho-project\/#breadcrumb\"},\"inLanguage\":\"en-EUA\",\"potentialAction\":[{\"@type\":\"ReadAction\",\"target\":[\"https:\/\/institutolibio.org.br\/en\/adote-meu-ninho-project\/\"]}]},{\"@type\":\"BreadcrumbList\",\"@id\":\"https:\/\/institutolibio.org.br\/en\/adote-meu-ninho-project\/#breadcrumb\",\"itemListElement\":[{\"@type\":\"ListItem\",\"position\":1,\"name\":\"In\u00edcio\",\"item\":\"https:\/\/institutolibio.org.br\/en\/\"},{\"@type\":\"ListItem\",\"position\":2,\"name\":\"Adote meu Ninho Project\"}]},{\"@type\":\"WebSite\",\"@id\":\"https:\/\/institutolibio.org.br\/#website\",\"url\":\"https:\/\/institutolibio.org.br\/\",\"name\":\"Instituto Libio\",\"description\":\"Prote\u00e7\u00e3o \u00e0 Natureza\",\"publisher\":{\"@id\":\"https:\/\/institutolibio.org.br\/#organization\"},\"potentialAction\":[{\"@type\":\"SearchAction\",\"target\":{\"@type\":\"EntryPoint\",\"urlTemplate\":\"https:\/\/institutolibio.org.br\/?s={search_term_string}\"},\"query-input\":{\"@type\":\"PropertyValueSpecification\",\"valueRequired\":true,\"valueName\":\"search_term_string\"}}],\"inLanguage\":\"en-EUA\"},{\"@type\":\"Organization\",\"@id\":\"https:\/\/institutolibio.org.br\/#organization\",\"name\":\"Instituto Libio\",\"url\":\"https:\/\/institutolibio.org.br\/\",\"logo\":{\"@type\":\"ImageObject\",\"inLanguage\":\"en-EUA\",\"@id\":\"https:\/\/institutolibio.org.br\/#\/schema\/logo\/image\/\",\"url\":\"https:\/\/institutolibio.org.br\/wp-content\/uploads\/2023\/02\/logo-libio-cor.png\",\"contentUrl\":\"https:\/\/institutolibio.org.br\/wp-content\/uploads\/2023\/02\/logo-libio-cor.png\",\"width\":153,\"height\":57,\"caption\":\"Instituto Libio\"},\"image\":{\"@id\":\"https:\/\/institutolibio.org.br\/#\/schema\/logo\/image\/\"}}]}<\/script>\n<!-- \/ Yoast SEO plugin. -->","yoast_head_json":{"title":"Adote meu Ninho Project - Instituto Libio","robots":{"index":"index","follow":"follow","max-snippet":"max-snippet:-1","max-image-preview":"max-image-preview:large","max-video-preview":"max-video-preview:-1"},"canonical":"https:\/\/institutolibio.org.br\/en\/adote-meu-ninho-project\/","og_locale":"en_US","og_type":"article","og_title":"Adote meu Ninho Project - Instituto Libio","og_description":"Conhe\u00e7a os recursos dispon\u00edveis para denunciar crime ambientalSaber como denunciar crime ambiental \u00e9 fundamental para contribuir com a preserva\u00e7\u00e3o da natureza. Por isso, reunimos nesta p\u00e1gina algumas informa\u00e7\u00f5es e canais que podem te ajudar a cumprir este objetivo.Linha VerdeA Linha Verde \u00e9 a central de den\u00fancias do Instituto Brasileiro do Meio Ambiente e dos [&hellip;]","og_url":"https:\/\/institutolibio.org.br\/en\/adote-meu-ninho-project\/","og_site_name":"Instituto Libio","article_modified_time":"2025-11-04T22:18:00+00:00","twitter_card":"summary_large_image","twitter_misc":{"Est. reading time":"1 minute"},"schema":{"@context":"https:\/\/schema.org","@graph":[{"@type":"WebPage","@id":"https:\/\/institutolibio.org.br\/en\/adote-meu-ninho-project\/","url":"https:\/\/institutolibio.org.br\/en\/adote-meu-ninho-project\/","name":"Adote meu Ninho Project - Instituto Libio","isPartOf":{"@id":"https:\/\/institutolibio.org.br\/#website"},"datePublished":"2025-09-17T15:36:42+00:00","dateModified":"2025-11-04T22:18:00+00:00","breadcrumb":{"@id":"https:\/\/institutolibio.org.br\/en\/adote-meu-ninho-project\/#breadcrumb"},"inLanguage":"en-EUA","potentialAction":[{"@type":"ReadAction","target":["https:\/\/institutolibio.org.br\/en\/adote-meu-ninho-project\/"]}]},{"@type":"BreadcrumbList","@id":"https:\/\/institutolibio.org.br\/en\/adote-meu-ninho-project\/#breadcrumb","itemListElement":[{"@type":"ListItem","position":1,"name":"In\u00edcio","item":"https:\/\/institutolibio.org.br\/en\/"},{"@type":"ListItem","position":2,"name":"Adote meu Ninho Project"}]},{"@type":"WebSite","@id":"https:\/\/institutolibio.org.br\/#website","url":"https:\/\/institutolibio.org.br\/","name":"Instituto Libio","description":"Prote\u00e7\u00e3o \u00e0 Natureza","publisher":{"@id":"https:\/\/institutolibio.org.br\/#organization"},"potentialAction":[{"@type":"SearchAction","target":{"@type":"EntryPoint","urlTemplate":"https:\/\/institutolibio.org.br\/?s={search_term_string}"},"query-input":{"@type":"PropertyValueSpecification","valueRequired":true,"valueName":"search_term_string"}}],"inLanguage":"en-EUA"},{"@type":"Organization","@id":"https:\/\/institutolibio.org.br\/#organization","name":"Instituto Libio","url":"https:\/\/institutolibio.org.br\/","logo":{"@type":"ImageObject","inLanguage":"en-EUA","@id":"https:\/\/institutolibio.org.br\/#\/schema\/logo\/image\/","url":"https:\/\/institutolibio.org.br\/wp-content\/uploads\/2023\/02\/logo-libio-cor.png","contentUrl":"https:\/\/institutolibio.org.br\/wp-content\/uploads\/2023\/02\/logo-libio-cor.png","width":153,"height":57,"caption":"Instituto Libio"},"image":{"@id":"https:\/\/institutolibio.org.br\/#\/schema\/logo\/image\/"}}]}},"_links":{"self":[{"href":"https:\/\/institutolibio.org.br\/en\/wp-json\/wp\/v2\/pages\/6745","targetHints":{"allow":["GET"]}}],"collection":[{"href":"https:\/\/institutolibio.org.br\/en\/wp-json\/wp\/v2\/pages"}],"about":[{"href":"https:\/\/institutolibio.org.br\/en\/wp-json\/wp\/v2\/types\/page"}],"author":[{"embeddable":true,"href":"https:\/\/institutolibio.org.br\/en\/wp-json\/wp\/v2\/users\/8"}],"replies":[{"embeddable":true,"href":"https:\/\/institutolibio.org.br\/en\/wp-json\/wp\/v2\/comments?post=6745"}],"version-history":[{"count":3,"href":"https:\/\/institutolibio.org.br\/en\/wp-json\/wp\/v2\/pages\/6745\/revisions"}],"predecessor-version":[{"id":6763,"href":"https:\/\/institutolibio.org.br\/en\/wp-json\/wp\/v2\/pages\/6745\/revisions\/6763"}],"wp:attachment":[{"href":"https:\/\/institutolibio.org.br\/en\/wp-json\/wp\/v2\/media?parent=6745"}],"curies":[{"name":"wp","href":"https:\/\/api.w.org\/{rel}","templated":true}]}}