{"id":6736,"date":"2025-09-17T12:34:23","date_gmt":"2025-09-17T15:34:23","guid":{"rendered":"https:\/\/institutolibio.org.br\/de-olho-na-natureza\/"},"modified":"2025-11-04T19:10:47","modified_gmt":"2025-11-04T22:10:47","slug":"de-olho-na-natureza-project","status":"publish","type":"page","link":"https:\/\/institutolibio.org.br\/en\/de-olho-na-natureza-project\/","title":{"rendered":"De Olho na Natureza"},"content":{"rendered":"<p>[et_pb_section fb_built=&#8221;1&#8243; next_background_color=&#8221;#ffffff&#8221; admin_label=&#8221;abertura&#8221; _builder_version=&#8221;4.22.1&#8243; _module_preset=&#8221;default&#8221; background_enable_color=&#8221;off&#8221; background_image=&#8221;https:\/\/institutolibio.org.br\/wp-content\/uploads\/2025\/10\/Untitled-1200-x-600-px-copia-1.png&#8221; background_blend=&#8221;multiply&#8221; module_alignment=&#8221;center&#8221; custom_padding=&#8221;||4px|||&#8221; bottom_divider_style=&#8221;wave&#8221; bottom_divider_height=&#8221;40px&#8221; global_colors_info=&#8221;{}&#8221;][et_pb_row make_equal=&#8221;on&#8221; admin_label=&#8221;Linha&#8221; _builder_version=&#8221;4.17.4&#8243; _module_preset=&#8221;default&#8221; module_alignment=&#8221;center&#8221; global_colors_info=&#8221;{}&#8221;][et_pb_column type=&#8221;4_4&#8243; admin_label=&#8221;Coluna&#8221; _builder_version=&#8221;4.16&#8243; _module_preset=&#8221;default&#8221; global_colors_info=&#8221;{}&#8221;][et_pb_divider show_divider=&#8221;off&#8221; _builder_version=&#8221;4.16&#8243; _module_preset=&#8221;default&#8221; min_height=&#8221;280px&#8221; global_colors_info=&#8221;{}&#8221;][\/et_pb_divider][et_pb_text admin_label=&#8221;Texto&#8221; _builder_version=&#8221;4.22.1&#8243; _module_preset=&#8221;default&#8221; text_font=&#8221;Montserrat|600|||||||&#8221; text_text_color=&#8221;#FFFFFF&#8221; text_font_size=&#8221;40px&#8221; text_orientation=&#8221;center&#8221; background_layout=&#8221;dark&#8221; module_alignment=&#8221;center&#8221; custom_padding=&#8221;||||false|false&#8221; hover_enabled=&#8221;0&#8243; text_font_size_tablet=&#8221;35px&#8221; text_font_size_phone=&#8221;25px&#8221; text_font_size_last_edited=&#8221;on|phone&#8221; global_colors_info=&#8221;{}&#8221; sticky_enabled=&#8221;0&#8243;]<\/p>\n<p style=\"text-align: center;\">DE OLHO NA NATUREZA PROJECT<\/p>\n<p>[\/et_pb_text][et_pb_text admin_label=&#8221;Texto&#8221; _builder_version=&#8221;4.17.4&#8243; _module_preset=&#8221;default&#8221; text_font=&#8221;Montserrat|500|||||||&#8221; text_text_color=&#8221;#FFFFFF&#8221; text_font_size=&#8221;21px&#8221; text_orientation=&#8221;center&#8221; background_layout=&#8221;dark&#8221; module_alignment=&#8221;center&#8221; custom_padding=&#8221;||||false|false&#8221; global_colors_info=&#8221;{}&#8221;][\/et_pb_text][et_pb_divider show_divider=&#8221;off&#8221; _builder_version=&#8221;4.16&#8243; _module_preset=&#8221;default&#8221; min_height=&#8221;200px&#8221; global_colors_info=&#8221;{}&#8221;][\/et_pb_divider][\/et_pb_column][\/et_pb_row][\/et_pb_section][et_pb_section fb_built=&#8221;1&#8243; _builder_version=&#8221;4.22.1&#8243; _module_preset=&#8221;default&#8221; custom_padding=&#8221;||0px|||&#8221; global_colors_info=&#8221;{}&#8221;][et_pb_row admin_label=&#8221;apadrinhe&#8221; module_id=&#8221;apadrinhe&#8221; _builder_version=&#8221;4.22.1&#8243; _module_preset=&#8221;default&#8221; max_width=&#8221;1220px&#8221; global_colors_info=&#8221;{}&#8221;][et_pb_column type=&#8221;4_4&#8243; _builder_version=&#8221;4.17.4&#8243; _module_preset=&#8221;default&#8221; global_colors_info=&#8221;{}&#8221;][et_pb_text _builder_version=&#8221;4.22.1&#8243; _module_preset=&#8221;default&#8221; text_font=&#8221;||||||||&#8221; text_font_size=&#8221;16px&#8221; header_font=&#8221;|700|||||||&#8221; header_font_size=&#8221;28px&#8221; min_height=&#8221;45px&#8221; custom_margin=&#8221;0px|||||&#8221; custom_padding=&#8221;0px||||false|false&#8221; hover_enabled=&#8221;0&#8243; global_colors_info=&#8221;{}&#8221; sticky_enabled=&#8221;0&#8243;]<\/p>\n<p><strong>An initiative of Instituto L\u00edbio, De Olho na Natureza connects students and teachers to the reality of Brazilian wildlife, awakening awareness about conservation, climate change, and the fight against animal trafficking.<\/strong><\/p>\n<p>[\/et_pb_text][\/et_pb_column][\/et_pb_row][et_pb_row admin_label=&#8221;apadrinhe&#8221; module_id=&#8221;apadrinhe&#8221; _builder_version=&#8221;4.22.1&#8243; _module_preset=&#8221;default&#8221; max_width=&#8221;1220px&#8221; global_colors_info=&#8221;{}&#8221;][et_pb_column type=&#8221;4_4&#8243; _builder_version=&#8221;4.17.4&#8243; _module_preset=&#8221;default&#8221; global_colors_info=&#8221;{}&#8221;][et_pb_image src=&#8221;https:\/\/institutolibio.org.br\/wp-content\/uploads\/2025\/10\/Untitled-design-copia.png&#8221; title_text=&#8221;Untitled design &#8211; co\u0301pia&#8221; align=&#8221;center&#8221; _builder_version=&#8221;4.22.1&#8243; _module_preset=&#8221;default&#8221; max_width=&#8221;600px&#8221; module_alignment=&#8221;center&#8221; global_colors_info=&#8221;{}&#8221;][\/et_pb_image][\/et_pb_column][\/et_pb_row][et_pb_row admin_label=&#8221;apadrinhe&#8221; module_id=&#8221;apadrinhe&#8221; _builder_version=&#8221;4.22.1&#8243; _module_preset=&#8221;default&#8221; max_width=&#8221;1220px&#8221; global_colors_info=&#8221;{}&#8221;][et_pb_column type=&#8221;4_4&#8243; _builder_version=&#8221;4.17.4&#8243; _module_preset=&#8221;default&#8221; global_colors_info=&#8221;{}&#8221;][et_pb_text _builder_version=&#8221;4.22.1&#8243; _module_preset=&#8221;default&#8221; text_font=&#8221;||||||||&#8221; header_font=&#8221;|700|||||||&#8221; header_font_size=&#8221;28px&#8221; min_height=&#8221;45px&#8221; custom_margin=&#8221;0px|||||&#8221; custom_padding=&#8221;0px||||false|false&#8221; hover_enabled=&#8221;0&#8243; global_colors_info=&#8221;{}&#8221; sticky_enabled=&#8221;0&#8243;]<\/p>\n<p data-start=\"213\" data-end=\"460\">The project carries out <strong data-start=\"2051\" data-end=\"2077\">educational activities<\/strong> that engage <strong data-start=\"2090\" data-end=\"2127\">children, teenagers, and teachers<\/strong> in understanding the <strong data-start=\"2149\" data-end=\"2179\">importance of biodiversity<\/strong> and the <strong data-start=\"2188\" data-end=\"2217\">threats of wildlife trade<\/strong>.<\/p>\n<p data-start=\"2222\" data-end=\"2554\">Between <strong data-start=\"2230\" data-end=\"2247\">2022 and 2024<\/strong>, it reached <strong data-start=\"2260\" data-end=\"2283\">over 3,200 students<\/strong> and <strong data-start=\"2288\" data-end=\"2305\">180 educators<\/strong>, with <strong data-start=\"2312\" data-end=\"2335\">92% of participants<\/strong> reporting a <strong data-start=\"2348\" data-end=\"2380\">positive shift in perception<\/strong> about wildlife trafficking. The goal: to <strong data-start=\"2422\" data-end=\"2477\">inspire knowledge, critical thinking, and belonging<\/strong>, connecting <strong data-start=\"2490\" data-end=\"2509\">new generations<\/strong> to the <strong data-start=\"2517\" data-end=\"2551\">protection of their ecosystems<\/strong>.<\/p>\n<p>[\/et_pb_text][\/et_pb_column][\/et_pb_row][\/et_pb_section][et_pb_section fb_built=&#8221;1&#8243; _builder_version=&#8221;4.22.1&#8243; _module_preset=&#8221;default&#8221; custom_padding=&#8221;0px|||||&#8221; global_colors_info=&#8221;{}&#8221;][et_pb_row _builder_version=&#8221;4.22.1&#8243; _module_preset=&#8221;default&#8221; width=&#8221;100%&#8221; max_width=&#8221;1220px&#8221; global_colors_info=&#8221;{}&#8221;][et_pb_column type=&#8221;4_4&#8243; _builder_version=&#8221;4.22.1&#8243; _module_preset=&#8221;default&#8221; global_colors_info=&#8221;{}&#8221;][et_pb_text _builder_version=&#8221;4.22.1&#8243; text_font=&#8221;Montserrat|300|||||||&#8221; text_font_size=&#8221;32px&#8221; text_line_height=&#8221;1em&#8221; header_font=&#8221;||||||||&#8221; header_font_size=&#8221;38px&#8221; header_2_font=&#8221;Montserrat|300|||||||&#8221; header_2_font_size=&#8221;40px&#8221; header_2_line_height=&#8221;1.2em&#8221; module_alignment=&#8221;center&#8221; custom_margin=&#8221;20px||20px||false|false&#8221; custom_margin_tablet=&#8221;0px|50px||50px&#8221; custom_margin_phone=&#8221;|0px||0px|false|false&#8221; custom_margin_last_edited=&#8221;on|desktop&#8221; custom_padding=&#8221;||0px|||&#8221; animation_style=&#8221;slide&#8221; animation_direction=&#8221;bottom&#8221; animation_duration=&#8221;800ms&#8221; animation_intensity_slide=&#8221;20%&#8221; hover_enabled=&#8221;0&#8243; header_2_font_size_tablet=&#8221;&#8221; header_2_font_size_phone=&#8221;30px&#8221; header_2_font_size_last_edited=&#8221;on|phone&#8221; global_colors_info=&#8221;{}&#8221; sticky_enabled=&#8221;0&#8243;]<\/p>\n<h2 style=\"text-align: center;\">We Are Roots &amp; Shoots<\/h2>\n<p>[\/et_pb_text][et_pb_image src=&#8221;https:\/\/institutolibio.org.br\/wp-content\/uploads\/2025\/10\/Untitled-design-2.png&#8221; title_text=&#8221;Untitled design&#8221; _builder_version=&#8221;4.22.1&#8243; _module_preset=&#8221;default&#8221; max_width=&#8221;600px&#8221; module_alignment=&#8221;center&#8221; global_colors_info=&#8221;{}&#8221;][\/et_pb_image][et_pb_text _builder_version=&#8221;4.22.1&#8243; _module_preset=&#8221;default&#8221; text_font=&#8221;||||||||&#8221; header_font=&#8221;|700|||||||&#8221; header_font_size=&#8221;28px&#8221; min_height=&#8221;45px&#8221; custom_margin=&#8221;0px|||||&#8221; custom_padding=&#8221;0px||||false|false&#8221; hover_enabled=&#8221;0&#8243; global_colors_info=&#8221;{}&#8221; sticky_enabled=&#8221;0&#8243;]<\/p>\n<p class=\"cvGsUA direction-ltr align-start para-style-body\" style=\"text-align: left;\">The <strong data-start=\"33\" data-end=\"52\">Instituto L\u00edbio<\/strong> is part of the <strong data-start=\"68\" data-end=\"101\">global Roots &amp; Shoots network<\/strong>, founded by <strong data-start=\"114\" data-end=\"134\">Dr. Jane Goodall<\/strong> and present in <strong data-start=\"150\" data-end=\"171\">over 50 countries<\/strong>.<br data-start=\"172\" data-end=\"175\" \/>This alliance connects <strong data-start=\"198\" data-end=\"219\">local initiatives<\/strong> to an <strong data-start=\"226\" data-end=\"252\">international movement<\/strong> dedicated to <strong data-start=\"266\" data-end=\"304\">environmental and social solutions<\/strong>.<\/p>\n<p style=\"text-align: left;\" data-start=\"309\" data-end=\"475\">By joining this global network, we <strong data-start=\"344\" data-end=\"370\">strengthen our actions<\/strong> in <strong data-start=\"374\" data-end=\"401\">environmental education<\/strong> and <strong data-start=\"406\" data-end=\"435\">biodiversity conservation<\/strong>, expanding our impact beyond borders.<\/p>\n<p style=\"text-align: left;\" data-start=\"477\" data-end=\"632\"><strong data-start=\"477\" data-end=\"489\">Together<\/strong>, we foster <strong data-start=\"501\" data-end=\"516\">real change<\/strong>, creating a positive impact on <strong data-start=\"548\" data-end=\"573\">our territories today<\/strong> and shaping <strong data-start=\"586\" data-end=\"629\">a better future for generations to come<\/strong>.<\/p>\n<p style=\"text-align: left;\" data-start=\"634\" data-end=\"671\" data-is-last-node=\"\" data-is-only-node=\"\"><strong data-start=\"634\" data-end=\"671\" data-is-last-node=\"\">Dr. Jane Goodall &amp; Raquel Machado<\/strong><\/p>\n<p>[\/et_pb_text][et_pb_image src=&#8221;https:\/\/institutolibio.org.br\/wp-content\/uploads\/2025\/10\/Untitled-design-copia-1.png&#8221; title_text=&#8221;Untitled design &#8211; co\u0301pia&#8221; _builder_version=&#8221;4.22.1&#8243; _module_preset=&#8221;default&#8221; max_width=&#8221;600px&#8221; module_alignment=&#8221;center&#8221; global_colors_info=&#8221;{}&#8221;][\/et_pb_image][\/et_pb_column][\/et_pb_row][\/et_pb_section]<\/p>\n","protected":false},"excerpt":{"rendered":"<p>DE OLHO NA NATUREZA PROJECTAn initiative of Instituto L\u00edbio, De Olho na Natureza connects students and teachers to the reality of Brazilian wildlife, awakening awareness about conservation, climate change, and the fight against animal trafficking.The project carries out educational activities that engage children, teenagers, and teachers in understanding the importance of biodiversity and the threats [&hellip;]<\/p>\n","protected":false},"author":8,"featured_media":0,"parent":0,"menu_order":0,"comment_status":"closed","ping_status":"closed","template":"","meta":{"_et_pb_use_builder":"on","_et_pb_old_content":"","_et_gb_content_width":"","footnotes":""},"class_list":["post-6736","page","type-page","status-publish","hentry"],"yoast_head":"<!-- This site is optimized with the Yoast SEO plugin v27.2 - https:\/\/yoast.com\/product\/yoast-seo-wordpress\/ -->\n<title>De Olho na Natureza - Instituto Libio<\/title>\n<meta name=\"robots\" content=\"index, follow, max-snippet:-1, max-image-preview:large, max-video-preview:-1\" \/>\n<link rel=\"canonical\" href=\"https:\/\/institutolibio.org.br\/en\/de-olho-na-natureza-project\/\" \/>\n<meta property=\"og:locale\" content=\"en_US\" \/>\n<meta property=\"og:type\" content=\"article\" \/>\n<meta property=\"og:title\" content=\"De Olho na Natureza - Instituto Libio\" \/>\n<meta property=\"og:description\" content=\"Conhe\u00e7a os recursos dispon\u00edveis para denunciar crime ambientalSaber como denunciar crime ambiental \u00e9 fundamental para contribuir com a preserva\u00e7\u00e3o da natureza. Por isso, reunimos nesta p\u00e1gina algumas informa\u00e7\u00f5es e canais que podem te ajudar a cumprir este objetivo.Linha VerdeA Linha Verde \u00e9 a central de den\u00fancias do Instituto Brasileiro do Meio Ambiente e dos [&hellip;]\" \/>\n<meta property=\"og:url\" content=\"https:\/\/institutolibio.org.br\/en\/de-olho-na-natureza-project\/\" \/>\n<meta property=\"og:site_name\" content=\"Instituto Libio\" \/>\n<meta property=\"article:modified_time\" content=\"2025-11-04T22:10:47+00:00\" \/>\n<meta name=\"twitter:card\" content=\"summary_large_image\" \/>\n<meta name=\"twitter:label1\" content=\"Est. reading time\" \/>\n\t<meta name=\"twitter:data1\" content=\"2 minutes\" \/>\n<script type=\"application\/ld+json\" class=\"yoast-schema-graph\">{\"@context\":\"https:\/\/schema.org\",\"@graph\":[{\"@type\":\"WebPage\",\"@id\":\"https:\/\/institutolibio.org.br\/en\/de-olho-na-natureza-project\/\",\"url\":\"https:\/\/institutolibio.org.br\/en\/de-olho-na-natureza-project\/\",\"name\":\"De Olho na Natureza - Instituto Libio\",\"isPartOf\":{\"@id\":\"https:\/\/institutolibio.org.br\/#website\"},\"datePublished\":\"2025-09-17T15:34:23+00:00\",\"dateModified\":\"2025-11-04T22:10:47+00:00\",\"breadcrumb\":{\"@id\":\"https:\/\/institutolibio.org.br\/en\/de-olho-na-natureza-project\/#breadcrumb\"},\"inLanguage\":\"en-EUA\",\"potentialAction\":[{\"@type\":\"ReadAction\",\"target\":[\"https:\/\/institutolibio.org.br\/en\/de-olho-na-natureza-project\/\"]}]},{\"@type\":\"BreadcrumbList\",\"@id\":\"https:\/\/institutolibio.org.br\/en\/de-olho-na-natureza-project\/#breadcrumb\",\"itemListElement\":[{\"@type\":\"ListItem\",\"position\":1,\"name\":\"In\u00edcio\",\"item\":\"https:\/\/institutolibio.org.br\/en\/\"},{\"@type\":\"ListItem\",\"position\":2,\"name\":\"De Olho na Natureza\"}]},{\"@type\":\"WebSite\",\"@id\":\"https:\/\/institutolibio.org.br\/#website\",\"url\":\"https:\/\/institutolibio.org.br\/\",\"name\":\"Instituto Libio\",\"description\":\"Prote\u00e7\u00e3o \u00e0 Natureza\",\"publisher\":{\"@id\":\"https:\/\/institutolibio.org.br\/#organization\"},\"potentialAction\":[{\"@type\":\"SearchAction\",\"target\":{\"@type\":\"EntryPoint\",\"urlTemplate\":\"https:\/\/institutolibio.org.br\/?s={search_term_string}\"},\"query-input\":{\"@type\":\"PropertyValueSpecification\",\"valueRequired\":true,\"valueName\":\"search_term_string\"}}],\"inLanguage\":\"en-EUA\"},{\"@type\":\"Organization\",\"@id\":\"https:\/\/institutolibio.org.br\/#organization\",\"name\":\"Instituto Libio\",\"url\":\"https:\/\/institutolibio.org.br\/\",\"logo\":{\"@type\":\"ImageObject\",\"inLanguage\":\"en-EUA\",\"@id\":\"https:\/\/institutolibio.org.br\/#\/schema\/logo\/image\/\",\"url\":\"https:\/\/institutolibio.org.br\/wp-content\/uploads\/2023\/02\/logo-libio-cor.png\",\"contentUrl\":\"https:\/\/institutolibio.org.br\/wp-content\/uploads\/2023\/02\/logo-libio-cor.png\",\"width\":153,\"height\":57,\"caption\":\"Instituto Libio\"},\"image\":{\"@id\":\"https:\/\/institutolibio.org.br\/#\/schema\/logo\/image\/\"}}]}<\/script>\n<!-- \/ Yoast SEO plugin. -->","yoast_head_json":{"title":"De Olho na Natureza - Instituto Libio","robots":{"index":"index","follow":"follow","max-snippet":"max-snippet:-1","max-image-preview":"max-image-preview:large","max-video-preview":"max-video-preview:-1"},"canonical":"https:\/\/institutolibio.org.br\/en\/de-olho-na-natureza-project\/","og_locale":"en_US","og_type":"article","og_title":"De Olho na Natureza - Instituto Libio","og_description":"Conhe\u00e7a os recursos dispon\u00edveis para denunciar crime ambientalSaber como denunciar crime ambiental \u00e9 fundamental para contribuir com a preserva\u00e7\u00e3o da natureza. Por isso, reunimos nesta p\u00e1gina algumas informa\u00e7\u00f5es e canais que podem te ajudar a cumprir este objetivo.Linha VerdeA Linha Verde \u00e9 a central de den\u00fancias do Instituto Brasileiro do Meio Ambiente e dos [&hellip;]","og_url":"https:\/\/institutolibio.org.br\/en\/de-olho-na-natureza-project\/","og_site_name":"Instituto Libio","article_modified_time":"2025-11-04T22:10:47+00:00","twitter_card":"summary_large_image","twitter_misc":{"Est. reading time":"2 minutes"},"schema":{"@context":"https:\/\/schema.org","@graph":[{"@type":"WebPage","@id":"https:\/\/institutolibio.org.br\/en\/de-olho-na-natureza-project\/","url":"https:\/\/institutolibio.org.br\/en\/de-olho-na-natureza-project\/","name":"De Olho na Natureza - Instituto Libio","isPartOf":{"@id":"https:\/\/institutolibio.org.br\/#website"},"datePublished":"2025-09-17T15:34:23+00:00","dateModified":"2025-11-04T22:10:47+00:00","breadcrumb":{"@id":"https:\/\/institutolibio.org.br\/en\/de-olho-na-natureza-project\/#breadcrumb"},"inLanguage":"en-EUA","potentialAction":[{"@type":"ReadAction","target":["https:\/\/institutolibio.org.br\/en\/de-olho-na-natureza-project\/"]}]},{"@type":"BreadcrumbList","@id":"https:\/\/institutolibio.org.br\/en\/de-olho-na-natureza-project\/#breadcrumb","itemListElement":[{"@type":"ListItem","position":1,"name":"In\u00edcio","item":"https:\/\/institutolibio.org.br\/en\/"},{"@type":"ListItem","position":2,"name":"De Olho na Natureza"}]},{"@type":"WebSite","@id":"https:\/\/institutolibio.org.br\/#website","url":"https:\/\/institutolibio.org.br\/","name":"Instituto Libio","description":"Prote\u00e7\u00e3o \u00e0 Natureza","publisher":{"@id":"https:\/\/institutolibio.org.br\/#organization"},"potentialAction":[{"@type":"SearchAction","target":{"@type":"EntryPoint","urlTemplate":"https:\/\/institutolibio.org.br\/?s={search_term_string}"},"query-input":{"@type":"PropertyValueSpecification","valueRequired":true,"valueName":"search_term_string"}}],"inLanguage":"en-EUA"},{"@type":"Organization","@id":"https:\/\/institutolibio.org.br\/#organization","name":"Instituto Libio","url":"https:\/\/institutolibio.org.br\/","logo":{"@type":"ImageObject","inLanguage":"en-EUA","@id":"https:\/\/institutolibio.org.br\/#\/schema\/logo\/image\/","url":"https:\/\/institutolibio.org.br\/wp-content\/uploads\/2023\/02\/logo-libio-cor.png","contentUrl":"https:\/\/institutolibio.org.br\/wp-content\/uploads\/2023\/02\/logo-libio-cor.png","width":153,"height":57,"caption":"Instituto Libio"},"image":{"@id":"https:\/\/institutolibio.org.br\/#\/schema\/logo\/image\/"}}]}},"_links":{"self":[{"href":"https:\/\/institutolibio.org.br\/en\/wp-json\/wp\/v2\/pages\/6736","targetHints":{"allow":["GET"]}}],"collection":[{"href":"https:\/\/institutolibio.org.br\/en\/wp-json\/wp\/v2\/pages"}],"about":[{"href":"https:\/\/institutolibio.org.br\/en\/wp-json\/wp\/v2\/types\/page"}],"author":[{"embeddable":true,"href":"https:\/\/institutolibio.org.br\/en\/wp-json\/wp\/v2\/users\/8"}],"replies":[{"embeddable":true,"href":"https:\/\/institutolibio.org.br\/en\/wp-json\/wp\/v2\/comments?post=6736"}],"version-history":[{"count":2,"href":"https:\/\/institutolibio.org.br\/en\/wp-json\/wp\/v2\/pages\/6736\/revisions"}],"predecessor-version":[{"id":6755,"href":"https:\/\/institutolibio.org.br\/en\/wp-json\/wp\/v2\/pages\/6736\/revisions\/6755"}],"wp:attachment":[{"href":"https:\/\/institutolibio.org.br\/en\/wp-json\/wp\/v2\/media?parent=6736"}],"curies":[{"name":"wp","href":"https:\/\/api.w.org\/{rel}","templated":true}]}}