{"id":6733,"date":"2025-09-17T12:33:56","date_gmt":"2025-09-17T15:33:56","guid":{"rendered":"https:\/\/institutolibio.org.br\/observatorio-rodovia-segura-para-todos\/"},"modified":"2025-11-04T19:07:10","modified_gmt":"2025-11-04T22:07:10","slug":"observatorio-rodovia-segura-para-todos-project","status":"publish","type":"page","link":"https:\/\/institutolibio.org.br\/en\/observatorio-rodovia-segura-para-todos-project\/","title":{"rendered":"Observat\u00f3rio Rodovia Segura para Todos"},"content":{"rendered":"<p>[et_pb_section fb_built=&#8221;1&#8243; next_background_color=&#8221;#ffffff&#8221; admin_label=&#8221;abertura&#8221; _builder_version=&#8221;4.22.1&#8243; _module_preset=&#8221;default&#8221; background_enable_color=&#8221;off&#8221; background_image=&#8221;https:\/\/institutolibio.org.br\/wp-content\/uploads\/2025\/10\/Untitled-1200-x-600-px.png&#8221; background_blend=&#8221;multiply&#8221; module_alignment=&#8221;center&#8221; custom_padding=&#8221;||4px|||&#8221; bottom_divider_style=&#8221;wave&#8221; bottom_divider_height=&#8221;40px&#8221; global_colors_info=&#8221;{}&#8221;][et_pb_row make_equal=&#8221;on&#8221; admin_label=&#8221;Linha&#8221; _builder_version=&#8221;4.17.4&#8243; _module_preset=&#8221;default&#8221; module_alignment=&#8221;center&#8221; global_colors_info=&#8221;{}&#8221;][et_pb_column type=&#8221;4_4&#8243; admin_label=&#8221;Coluna&#8221; _builder_version=&#8221;4.16&#8243; _module_preset=&#8221;default&#8221; global_colors_info=&#8221;{}&#8221;][et_pb_divider show_divider=&#8221;off&#8221; _builder_version=&#8221;4.16&#8243; _module_preset=&#8221;default&#8221; min_height=&#8221;280px&#8221; global_colors_info=&#8221;{}&#8221;][\/et_pb_divider][et_pb_text admin_label=&#8221;Texto&#8221; _builder_version=&#8221;4.22.1&#8243; _module_preset=&#8221;default&#8221; text_font=&#8221;Montserrat|600|||||||&#8221; text_text_color=&#8221;#FFFFFF&#8221; text_font_size=&#8221;40px&#8221; text_orientation=&#8221;center&#8221; background_layout=&#8221;dark&#8221; module_alignment=&#8221;center&#8221; custom_padding=&#8221;||||false|false&#8221; hover_enabled=&#8221;0&#8243; text_font_size_tablet=&#8221;35px&#8221; text_font_size_phone=&#8221;25px&#8221; text_font_size_last_edited=&#8221;on|phone&#8221; global_colors_info=&#8221;{}&#8221; sticky_enabled=&#8221;0&#8243;]<\/p>\n<p style=\"text-align: center;\">OBSERVAT\u00d3RIO RODOVIAS<\/p>\n<p style=\"text-align: center;\">SEGURA PARA TODOS PROJECT<\/p>\n<p>[\/et_pb_text][et_pb_text admin_label=&#8221;Texto&#8221; _builder_version=&#8221;4.17.4&#8243; _module_preset=&#8221;default&#8221; text_font=&#8221;Montserrat|500|||||||&#8221; text_text_color=&#8221;#FFFFFF&#8221; text_font_size=&#8221;21px&#8221; text_orientation=&#8221;center&#8221; background_layout=&#8221;dark&#8221; module_alignment=&#8221;center&#8221; custom_padding=&#8221;||||false|false&#8221; global_colors_info=&#8221;{}&#8221;][\/et_pb_text][et_pb_divider show_divider=&#8221;off&#8221; _builder_version=&#8221;4.16&#8243; _module_preset=&#8221;default&#8221; min_height=&#8221;200px&#8221; global_colors_info=&#8221;{}&#8221;][\/et_pb_divider][\/et_pb_column][\/et_pb_row][\/et_pb_section][et_pb_section fb_built=&#8221;1&#8243; _builder_version=&#8221;4.22.1&#8243; _module_preset=&#8221;default&#8221; global_colors_info=&#8221;{}&#8221;][et_pb_row admin_label=&#8221;apadrinhe&#8221; module_id=&#8221;apadrinhe&#8221; _builder_version=&#8221;4.22.1&#8243; _module_preset=&#8221;default&#8221; max_width=&#8221;1220px&#8221; global_colors_info=&#8221;{}&#8221;][et_pb_column type=&#8221;4_4&#8243; _builder_version=&#8221;4.17.4&#8243; _module_preset=&#8221;default&#8221; global_colors_info=&#8221;{}&#8221;][et_pb_text _builder_version=&#8221;4.22.1&#8243; _module_preset=&#8221;default&#8221; text_font=&#8221;||||||||&#8221; text_font_size=&#8221;16px&#8221; header_font=&#8221;|700|||||||&#8221; header_font_size=&#8221;28px&#8221; min_height=&#8221;45px&#8221; custom_margin=&#8221;0px|||||&#8221; custom_padding=&#8221;0px||||false|false&#8221; hover_enabled=&#8221;0&#8243; global_colors_info=&#8221;{}&#8221; sticky_enabled=&#8221;0&#8243;]<\/p>\n<p style=\"text-align: center;\"><strong>Each project at Instituto L\u00edbio is born from a deep commitment to protecting wildlife.<br data-start=\"90\" data-end=\"93\" \/>With the support of strategic partners, we join forces to rehabilitate animals, preserve natural habitats, and keep Brazil\u2019s biodiversity alive.<\/strong><\/p>\n<p>[\/et_pb_text][\/et_pb_column][\/et_pb_row][et_pb_row admin_label=&#8221;apadrinhe&#8221; module_id=&#8221;apadrinhe&#8221; _builder_version=&#8221;4.22.1&#8243; _module_preset=&#8221;default&#8221; max_width=&#8221;1220px&#8221; global_colors_info=&#8221;{}&#8221;][et_pb_column type=&#8221;4_4&#8243; _builder_version=&#8221;4.17.4&#8243; _module_preset=&#8221;default&#8221; global_colors_info=&#8221;{}&#8221;][et_pb_image src=&#8221;https:\/\/institutolibio.org.br\/wp-content\/uploads\/2025\/10\/Untitled-design.png&#8221; title_text=&#8221;Untitled design&#8221; align=&#8221;center&#8221; _builder_version=&#8221;4.22.1&#8243; _module_preset=&#8221;default&#8221; max_width=&#8221;600px&#8221; module_alignment=&#8221;center&#8221; global_colors_info=&#8221;{}&#8221;][\/et_pb_image][\/et_pb_column][\/et_pb_row][et_pb_row admin_label=&#8221;apadrinhe&#8221; module_id=&#8221;apadrinhe&#8221; _builder_version=&#8221;4.22.1&#8243; _module_preset=&#8221;default&#8221; max_width=&#8221;1220px&#8221; global_colors_info=&#8221;{}&#8221;][et_pb_column type=&#8221;4_4&#8243; _builder_version=&#8221;4.17.4&#8243; _module_preset=&#8221;default&#8221; global_colors_info=&#8221;{}&#8221;][et_pb_text _builder_version=&#8221;4.22.1&#8243; _module_preset=&#8221;default&#8221; text_font=&#8221;||||||||&#8221; header_font=&#8221;|700|||||||&#8221; header_font_size=&#8221;28px&#8221; min_height=&#8221;45px&#8221; custom_margin=&#8221;0px|||||&#8221; custom_padding=&#8221;0px||||false|false&#8221; hover_enabled=&#8221;0&#8243; global_colors_info=&#8221;{}&#8221; sticky_enabled=&#8221;0&#8243;]<\/p>\n<p style=\"text-align: center;\">The <strong data-start=\"1345\" data-end=\"1391\">\u201cObservat\u00f3rio Rodovias Seguras para Todos\u201d<\/strong> is a <strong data-start=\"1397\" data-end=\"1422\">collective initiative<\/strong> by six civil society organizations united by one purpose: <strong data-start=\"1481\" data-end=\"1525\">to protect wildlife and save human lives<\/strong>.<\/p>\n<p style=\"text-align: center;\" data-start=\"1530\" data-end=\"1736\">Operating in <strong data-start=\"1543\" data-end=\"1565\">Mato Grosso do Sul<\/strong>, the project promotes, monitors, and strengthens <strong data-start=\"1615\" data-end=\"1656\">public policies and practical actions<\/strong> aimed at <strong data-start=\"1666\" data-end=\"1711\">reducing vehicle collisions with wildlife<\/strong> on Brazilian highways.<\/p>\n<p>[\/et_pb_text][\/et_pb_column][\/et_pb_row][\/et_pb_section][et_pb_section fb_built=&#8221;1&#8243; _builder_version=&#8221;4.22.1&#8243; _module_preset=&#8221;default&#8221; global_colors_info=&#8221;{}&#8221;][et_pb_row _builder_version=&#8221;4.22.1&#8243; _module_preset=&#8221;default&#8221; width=&#8221;100%&#8221; max_width=&#8221;1220px&#8221; global_colors_info=&#8221;{}&#8221;][et_pb_column type=&#8221;4_4&#8243; _builder_version=&#8221;4.22.1&#8243; _module_preset=&#8221;default&#8221; global_colors_info=&#8221;{}&#8221;][et_pb_text _builder_version=&#8221;4.22.1&#8243; text_font=&#8221;Montserrat|300|||||||&#8221; text_font_size=&#8221;32px&#8221; text_line_height=&#8221;1em&#8221; header_font=&#8221;||||||||&#8221; header_font_size=&#8221;38px&#8221; header_2_font=&#8221;Montserrat|300|||||||&#8221; header_2_font_size=&#8221;40px&#8221; header_2_line_height=&#8221;1.2em&#8221; module_alignment=&#8221;center&#8221; custom_margin=&#8221;20px||20px||false|false&#8221; custom_margin_tablet=&#8221;0px|50px||50px&#8221; custom_margin_phone=&#8221;|0px||0px|false|false&#8221; custom_margin_last_edited=&#8221;on|desktop&#8221; custom_padding=&#8221;||0px|||&#8221; animation_style=&#8221;slide&#8221; animation_direction=&#8221;bottom&#8221; animation_duration=&#8221;800ms&#8221; animation_intensity_slide=&#8221;20%&#8221; hover_enabled=&#8221;0&#8243; header_2_font_size_tablet=&#8221;&#8221; header_2_font_size_phone=&#8221;30px&#8221; header_2_font_size_last_edited=&#8221;on|phone&#8221; global_colors_info=&#8221;{}&#8221; sticky_enabled=&#8221;0&#8243;]<\/p>\n<h2 style=\"text-align: center;\">PARTNERSHIPS<\/h2>\n<p>[\/et_pb_text][\/et_pb_column][\/et_pb_row][et_pb_row column_structure=&#8221;1_3,1_3,1_3&#8243; use_custom_gutter=&#8221;on&#8221; gutter_width=&#8221;2&#8243; make_equal=&#8221;on&#8221; custom_padding_last_edited=&#8221;on|phone&#8221; _builder_version=&#8221;4.22.1&#8243; _module_preset=&#8221;default&#8221; width=&#8221;100%&#8221; max_width=&#8221;860px&#8221; module_alignment=&#8221;center&#8221; min_height=&#8221;266.8px&#8221; custom_margin=&#8221;||25px||false|false&#8221; custom_margin_tablet=&#8221;||||false|false&#8221; custom_margin_phone=&#8221;||||false|false&#8221; custom_margin_last_edited=&#8221;on|phone&#8221; custom_padding=&#8221;0px|0%|0px|0%|false|true&#8221; custom_padding_tablet=&#8221;|10%||10%|false|true&#8221; custom_padding_phone=&#8221;0px|6%|0px|6%|false|true&#8221; global_colors_info=&#8221;{}&#8221;][et_pb_column type=&#8221;1_3&#8243; _builder_version=&#8221;4.22.1&#8243; _module_preset=&#8221;default&#8221; global_colors_info=&#8221;{}&#8221;][et_pb_image src=&#8221;https:\/\/institutolibio.org.br\/wp-content\/uploads\/2025\/09\/4.png&#8221; title_text=&#8221;4&#8243; _builder_version=&#8221;4.22.1&#8243; _module_preset=&#8221;default&#8221; global_colors_info=&#8221;{}&#8221;][\/et_pb_image][\/et_pb_column][et_pb_column type=&#8221;1_3&#8243; _builder_version=&#8221;4.22.1&#8243; _module_preset=&#8221;default&#8221; global_colors_info=&#8221;{}&#8221;][et_pb_image src=&#8221;https:\/\/institutolibio.org.br\/wp-content\/uploads\/2025\/09\/5.png&#8221; title_text=&#8221;5&#8243; _builder_version=&#8221;4.22.1&#8243; _module_preset=&#8221;default&#8221; width=&#8221;73%&#8221; max_width=&#8221;100%&#8221; global_colors_info=&#8221;{}&#8221;][\/et_pb_image][\/et_pb_column][et_pb_column type=&#8221;1_3&#8243; _builder_version=&#8221;4.22.1&#8243; _module_preset=&#8221;default&#8221; global_colors_info=&#8221;{}&#8221;][et_pb_image src=&#8221;https:\/\/institutolibio.org.br\/wp-content\/uploads\/2025\/09\/2.png&#8221; title_text=&#8221;2&#8243; _builder_version=&#8221;4.22.1&#8243; _module_preset=&#8221;default&#8221; global_colors_info=&#8221;{}&#8221;][\/et_pb_image][\/et_pb_column][\/et_pb_row][et_pb_row column_structure=&#8221;1_3,1_3,1_3&#8243; use_custom_gutter=&#8221;on&#8221; gutter_width=&#8221;2&#8243; make_equal=&#8221;on&#8221; custom_padding_last_edited=&#8221;on|phone&#8221; _builder_version=&#8221;4.22.1&#8243; _module_preset=&#8221;default&#8221; width=&#8221;100%&#8221; max_width=&#8221;860px&#8221; module_alignment=&#8221;center&#8221; min_height=&#8221;266.8px&#8221; custom_margin=&#8221;||25px||false|false&#8221; custom_margin_tablet=&#8221;||||false|false&#8221; custom_margin_phone=&#8221;||||false|false&#8221; custom_margin_last_edited=&#8221;on|phone&#8221; custom_padding=&#8221;0px|0%|0px|0%|false|true&#8221; custom_padding_tablet=&#8221;|10%||10%|false|true&#8221; custom_padding_phone=&#8221;0px|6%|0px|6%|false|true&#8221; global_colors_info=&#8221;{}&#8221;][et_pb_column type=&#8221;1_3&#8243; _builder_version=&#8221;4.22.1&#8243; _module_preset=&#8221;default&#8221; global_colors_info=&#8221;{}&#8221;][et_pb_image src=&#8221;https:\/\/institutolibio.org.br\/wp-content\/uploads\/2025\/09\/7.png&#8221; title_text=&#8221;7&#8243; _builder_version=&#8221;4.22.1&#8243; _module_preset=&#8221;default&#8221; global_colors_info=&#8221;{}&#8221;][\/et_pb_image][\/et_pb_column][et_pb_column type=&#8221;1_3&#8243; _builder_version=&#8221;4.22.1&#8243; _module_preset=&#8221;default&#8221; global_colors_info=&#8221;{}&#8221;][et_pb_image src=&#8221;https:\/\/institutolibio.org.br\/wp-content\/uploads\/2025\/09\/6.png&#8221; title_text=&#8221;6&#8243; _builder_version=&#8221;4.22.1&#8243; _module_preset=&#8221;default&#8221; width=&#8221;79%&#8221; global_colors_info=&#8221;{}&#8221;][\/et_pb_image][\/et_pb_column][et_pb_column type=&#8221;1_3&#8243; _builder_version=&#8221;4.22.1&#8243; _module_preset=&#8221;default&#8221; global_colors_info=&#8221;{}&#8221;][et_pb_image src=&#8221;https:\/\/institutolibio.org.br\/wp-content\/uploads\/2025\/09\/logo-tamanho-maior.png&#8221; title_text=&#8221;logo-tamanho-maior&#8221; _builder_version=&#8221;4.22.1&#8243; _module_preset=&#8221;default&#8221; global_colors_info=&#8221;{}&#8221;][\/et_pb_image][\/et_pb_column][\/et_pb_row][et_pb_row column_structure=&#8221;1_3,1_3,1_3&#8243; use_custom_gutter=&#8221;on&#8221; gutter_width=&#8221;2&#8243; make_equal=&#8221;on&#8221; custom_padding_last_edited=&#8221;on|phone&#8221; _builder_version=&#8221;4.22.1&#8243; _module_preset=&#8221;default&#8221; width=&#8221;100%&#8221; max_width=&#8221;860px&#8221; module_alignment=&#8221;center&#8221; min_height=&#8221;266.8px&#8221; custom_margin=&#8221;||25px||false|false&#8221; custom_margin_tablet=&#8221;||||false|false&#8221; custom_margin_phone=&#8221;||||false|false&#8221; custom_margin_last_edited=&#8221;on|phone&#8221; custom_padding=&#8221;0px|0%|0px|0%|false|true&#8221; custom_padding_tablet=&#8221;|10%||10%|false|true&#8221; custom_padding_phone=&#8221;0px|6%|0px|6%|false|true&#8221; global_colors_info=&#8221;{}&#8221;][et_pb_column type=&#8221;1_3&#8243; _builder_version=&#8221;4.22.1&#8243; _module_preset=&#8221;default&#8221; global_colors_info=&#8221;{}&#8221;][\/et_pb_column][et_pb_column type=&#8221;1_3&#8243; _builder_version=&#8221;4.22.1&#8243; _module_preset=&#8221;default&#8221; global_colors_info=&#8221;{}&#8221;][\/et_pb_column][et_pb_column type=&#8221;1_3&#8243; _builder_version=&#8221;4.22.1&#8243; _module_preset=&#8221;default&#8221; global_colors_info=&#8221;{}&#8221;][\/et_pb_column][\/et_pb_row][\/et_pb_section]<\/p>\n","protected":false},"excerpt":{"rendered":"<p>OBSERVAT\u00d3RIO RODOVIAS SEGURA PARA TODOS PROJECTEach project at Instituto L\u00edbio is born from a deep commitment to protecting wildlife.With the support of strategic partners, we join forces to rehabilitate animals, preserve natural habitats, and keep Brazil\u2019s biodiversity alive.The \u201cObservat\u00f3rio Rodovias Seguras para Todos\u201d is a collective initiative by six civil society organizations united by one [&hellip;]<\/p>\n","protected":false},"author":8,"featured_media":0,"parent":0,"menu_order":0,"comment_status":"closed","ping_status":"closed","template":"","meta":{"_et_pb_use_builder":"on","_et_pb_old_content":"","_et_gb_content_width":"","footnotes":""},"class_list":["post-6733","page","type-page","status-publish","hentry"],"yoast_head":"<!-- This site is optimized with the Yoast SEO plugin v27.2 - https:\/\/yoast.com\/product\/yoast-seo-wordpress\/ -->\n<title>Observat\u00f3rio Rodovia Segura para Todos - Instituto Libio<\/title>\n<meta name=\"robots\" content=\"index, follow, max-snippet:-1, max-image-preview:large, max-video-preview:-1\" \/>\n<link rel=\"canonical\" href=\"https:\/\/institutolibio.org.br\/en\/observatorio-rodovia-segura-para-todos-project\/\" \/>\n<meta property=\"og:locale\" content=\"en_US\" \/>\n<meta property=\"og:type\" content=\"article\" \/>\n<meta property=\"og:title\" content=\"Observat\u00f3rio Rodovia Segura para Todos - Instituto Libio\" \/>\n<meta property=\"og:description\" content=\"Conhe\u00e7a os recursos dispon\u00edveis para denunciar crime ambientalSaber como denunciar crime ambiental \u00e9 fundamental para contribuir com a preserva\u00e7\u00e3o da natureza. Por isso, reunimos nesta p\u00e1gina algumas informa\u00e7\u00f5es e canais que podem te ajudar a cumprir este objetivo.Linha VerdeA Linha Verde \u00e9 a central de den\u00fancias do Instituto Brasileiro do Meio Ambiente e dos [&hellip;]\" \/>\n<meta property=\"og:url\" content=\"https:\/\/institutolibio.org.br\/en\/observatorio-rodovia-segura-para-todos-project\/\" \/>\n<meta property=\"og:site_name\" content=\"Instituto Libio\" \/>\n<meta property=\"article:modified_time\" content=\"2025-11-04T22:07:10+00:00\" \/>\n<meta name=\"twitter:card\" content=\"summary_large_image\" \/>\n<meta name=\"twitter:label1\" content=\"Est. reading time\" \/>\n\t<meta name=\"twitter:data1\" content=\"2 minutes\" \/>\n<script type=\"application\/ld+json\" class=\"yoast-schema-graph\">{\"@context\":\"https:\/\/schema.org\",\"@graph\":[{\"@type\":\"WebPage\",\"@id\":\"https:\/\/institutolibio.org.br\/en\/observatorio-rodovia-segura-para-todos-project\/\",\"url\":\"https:\/\/institutolibio.org.br\/en\/observatorio-rodovia-segura-para-todos-project\/\",\"name\":\"Observat\u00f3rio Rodovia Segura para Todos - Instituto Libio\",\"isPartOf\":{\"@id\":\"https:\/\/institutolibio.org.br\/#website\"},\"datePublished\":\"2025-09-17T15:33:56+00:00\",\"dateModified\":\"2025-11-04T22:07:10+00:00\",\"breadcrumb\":{\"@id\":\"https:\/\/institutolibio.org.br\/en\/observatorio-rodovia-segura-para-todos-project\/#breadcrumb\"},\"inLanguage\":\"en-EUA\",\"potentialAction\":[{\"@type\":\"ReadAction\",\"target\":[\"https:\/\/institutolibio.org.br\/en\/observatorio-rodovia-segura-para-todos-project\/\"]}]},{\"@type\":\"BreadcrumbList\",\"@id\":\"https:\/\/institutolibio.org.br\/en\/observatorio-rodovia-segura-para-todos-project\/#breadcrumb\",\"itemListElement\":[{\"@type\":\"ListItem\",\"position\":1,\"name\":\"In\u00edcio\",\"item\":\"https:\/\/institutolibio.org.br\/en\/\"},{\"@type\":\"ListItem\",\"position\":2,\"name\":\"Observat\u00f3rio Rodovia Segura para Todos\"}]},{\"@type\":\"WebSite\",\"@id\":\"https:\/\/institutolibio.org.br\/#website\",\"url\":\"https:\/\/institutolibio.org.br\/\",\"name\":\"Instituto Libio\",\"description\":\"Prote\u00e7\u00e3o \u00e0 Natureza\",\"publisher\":{\"@id\":\"https:\/\/institutolibio.org.br\/#organization\"},\"potentialAction\":[{\"@type\":\"SearchAction\",\"target\":{\"@type\":\"EntryPoint\",\"urlTemplate\":\"https:\/\/institutolibio.org.br\/?s={search_term_string}\"},\"query-input\":{\"@type\":\"PropertyValueSpecification\",\"valueRequired\":true,\"valueName\":\"search_term_string\"}}],\"inLanguage\":\"en-EUA\"},{\"@type\":\"Organization\",\"@id\":\"https:\/\/institutolibio.org.br\/#organization\",\"name\":\"Instituto Libio\",\"url\":\"https:\/\/institutolibio.org.br\/\",\"logo\":{\"@type\":\"ImageObject\",\"inLanguage\":\"en-EUA\",\"@id\":\"https:\/\/institutolibio.org.br\/#\/schema\/logo\/image\/\",\"url\":\"https:\/\/institutolibio.org.br\/wp-content\/uploads\/2023\/02\/logo-libio-cor.png\",\"contentUrl\":\"https:\/\/institutolibio.org.br\/wp-content\/uploads\/2023\/02\/logo-libio-cor.png\",\"width\":153,\"height\":57,\"caption\":\"Instituto Libio\"},\"image\":{\"@id\":\"https:\/\/institutolibio.org.br\/#\/schema\/logo\/image\/\"}}]}<\/script>\n<!-- \/ Yoast SEO plugin. -->","yoast_head_json":{"title":"Observat\u00f3rio Rodovia Segura para Todos - Instituto Libio","robots":{"index":"index","follow":"follow","max-snippet":"max-snippet:-1","max-image-preview":"max-image-preview:large","max-video-preview":"max-video-preview:-1"},"canonical":"https:\/\/institutolibio.org.br\/en\/observatorio-rodovia-segura-para-todos-project\/","og_locale":"en_US","og_type":"article","og_title":"Observat\u00f3rio Rodovia Segura para Todos - Instituto Libio","og_description":"Conhe\u00e7a os recursos dispon\u00edveis para denunciar crime ambientalSaber como denunciar crime ambiental \u00e9 fundamental para contribuir com a preserva\u00e7\u00e3o da natureza. Por isso, reunimos nesta p\u00e1gina algumas informa\u00e7\u00f5es e canais que podem te ajudar a cumprir este objetivo.Linha VerdeA Linha Verde \u00e9 a central de den\u00fancias do Instituto Brasileiro do Meio Ambiente e dos [&hellip;]","og_url":"https:\/\/institutolibio.org.br\/en\/observatorio-rodovia-segura-para-todos-project\/","og_site_name":"Instituto Libio","article_modified_time":"2025-11-04T22:07:10+00:00","twitter_card":"summary_large_image","twitter_misc":{"Est. reading time":"2 minutes"},"schema":{"@context":"https:\/\/schema.org","@graph":[{"@type":"WebPage","@id":"https:\/\/institutolibio.org.br\/en\/observatorio-rodovia-segura-para-todos-project\/","url":"https:\/\/institutolibio.org.br\/en\/observatorio-rodovia-segura-para-todos-project\/","name":"Observat\u00f3rio Rodovia Segura para Todos - Instituto Libio","isPartOf":{"@id":"https:\/\/institutolibio.org.br\/#website"},"datePublished":"2025-09-17T15:33:56+00:00","dateModified":"2025-11-04T22:07:10+00:00","breadcrumb":{"@id":"https:\/\/institutolibio.org.br\/en\/observatorio-rodovia-segura-para-todos-project\/#breadcrumb"},"inLanguage":"en-EUA","potentialAction":[{"@type":"ReadAction","target":["https:\/\/institutolibio.org.br\/en\/observatorio-rodovia-segura-para-todos-project\/"]}]},{"@type":"BreadcrumbList","@id":"https:\/\/institutolibio.org.br\/en\/observatorio-rodovia-segura-para-todos-project\/#breadcrumb","itemListElement":[{"@type":"ListItem","position":1,"name":"In\u00edcio","item":"https:\/\/institutolibio.org.br\/en\/"},{"@type":"ListItem","position":2,"name":"Observat\u00f3rio Rodovia Segura para Todos"}]},{"@type":"WebSite","@id":"https:\/\/institutolibio.org.br\/#website","url":"https:\/\/institutolibio.org.br\/","name":"Instituto Libio","description":"Prote\u00e7\u00e3o \u00e0 Natureza","publisher":{"@id":"https:\/\/institutolibio.org.br\/#organization"},"potentialAction":[{"@type":"SearchAction","target":{"@type":"EntryPoint","urlTemplate":"https:\/\/institutolibio.org.br\/?s={search_term_string}"},"query-input":{"@type":"PropertyValueSpecification","valueRequired":true,"valueName":"search_term_string"}}],"inLanguage":"en-EUA"},{"@type":"Organization","@id":"https:\/\/institutolibio.org.br\/#organization","name":"Instituto Libio","url":"https:\/\/institutolibio.org.br\/","logo":{"@type":"ImageObject","inLanguage":"en-EUA","@id":"https:\/\/institutolibio.org.br\/#\/schema\/logo\/image\/","url":"https:\/\/institutolibio.org.br\/wp-content\/uploads\/2023\/02\/logo-libio-cor.png","contentUrl":"https:\/\/institutolibio.org.br\/wp-content\/uploads\/2023\/02\/logo-libio-cor.png","width":153,"height":57,"caption":"Instituto Libio"},"image":{"@id":"https:\/\/institutolibio.org.br\/#\/schema\/logo\/image\/"}}]}},"_links":{"self":[{"href":"https:\/\/institutolibio.org.br\/en\/wp-json\/wp\/v2\/pages\/6733","targetHints":{"allow":["GET"]}}],"collection":[{"href":"https:\/\/institutolibio.org.br\/en\/wp-json\/wp\/v2\/pages"}],"about":[{"href":"https:\/\/institutolibio.org.br\/en\/wp-json\/wp\/v2\/types\/page"}],"author":[{"embeddable":true,"href":"https:\/\/institutolibio.org.br\/en\/wp-json\/wp\/v2\/users\/8"}],"replies":[{"embeddable":true,"href":"https:\/\/institutolibio.org.br\/en\/wp-json\/wp\/v2\/comments?post=6733"}],"version-history":[{"count":2,"href":"https:\/\/institutolibio.org.br\/en\/wp-json\/wp\/v2\/pages\/6733\/revisions"}],"predecessor-version":[{"id":6753,"href":"https:\/\/institutolibio.org.br\/en\/wp-json\/wp\/v2\/pages\/6733\/revisions\/6753"}],"wp:attachment":[{"href":"https:\/\/institutolibio.org.br\/en\/wp-json\/wp\/v2\/media?parent=6733"}],"curies":[{"name":"wp","href":"https:\/\/api.w.org\/{rel}","templated":true}]}}