{"id":6674,"date":"2025-09-07T21:15:42","date_gmt":"2025-09-08T00:15:42","guid":{"rendered":"https:\/\/institutolibio.org.br\/notas-pela-fauna\/"},"modified":"2025-11-04T13:58:11","modified_gmt":"2025-11-04T16:58:11","slug":"tax-receipts-for-wildlife","status":"publish","type":"page","link":"https:\/\/institutolibio.org.br\/en\/tax-receipts-for-wildlife\/","title":{"rendered":"Tax Receipts for Wildlife"},"content":{"rendered":"<p>[et_pb_section fb_built=&#8221;1&#8243; _builder_version=&#8221;4.22.1&#8243; _module_preset=&#8221;default&#8221; background_color=&#8221;#F7941D&#8221; custom_padding=&#8221;||4px|||&#8221; global_colors_info=&#8221;{}&#8221;][et_pb_row _builder_version=&#8221;4.22.1&#8243; _module_preset=&#8221;default&#8221; background_image=&#8221;https:\/\/institutolibio.org.br\/wp-content\/uploads\/2025\/09\/Untitled-design.png&#8221; width=&#8221;100%&#8221; custom_padding=&#8221;||5px|||&#8221; global_colors_info=&#8221;{}&#8221;][et_pb_column type=&#8221;4_4&#8243; _builder_version=&#8221;4.22.1&#8243; _module_preset=&#8221;default&#8221; global_colors_info=&#8221;{}&#8221;][et_pb_code _builder_version=&#8221;4.22.1&#8243; _module_preset=&#8221;default&#8221; custom_margin=&#8221;||-15px|||&#8221; hover_enabled=&#8221;0&#8243; global_colors_info=&#8221;{}&#8221; sticky_enabled=&#8221;0&#8243;]<!-- [et_pb_line_break_holder] -->[\/et_pb_code][\/et_pb_column][\/et_pb_row][\/et_pb_section][et_pb_section fb_built=&#8221;1&#8243; disabled_on=&#8221;off|off|off&#8221; admin_label=&#8221;Why Us&#8221; _builder_version=&#8221;4.16&#8243; background_image=&#8221;http:\/\/libio.org.br\/wp-content\/uploads\/2020\/12\/parceiros-barra-lateral.png&#8221; background_size=&#8221;initial&#8221; background_position=&#8221;center_right&#8221; custom_padding=&#8221;4px|0px|0px|0px|false|false&#8221; global_colors_info=&#8221;{}&#8221;][et_pb_row _builder_version=&#8221;4.22.1&#8243; width=&#8221;100%&#8221; custom_margin=&#8221;|||&#8221; custom_margin_tablet=&#8221;||0px|&#8221; custom_margin_phone=&#8221;&#8221; custom_margin_last_edited=&#8221;on|desktop&#8221; custom_padding=&#8221;|0px|0px|0px|false|false&#8221; use_custom_width=&#8221;on&#8221; width_unit=&#8221;off&#8221; custom_width_percent=&#8221;100%&#8221; global_colors_info=&#8221;{}&#8221;][et_pb_column type=&#8221;4_4&#8243; _builder_version=&#8221;4.16&#8243; custom_padding=&#8221;||||false|false&#8221; custom_padding_tablet=&#8221;0px|50px|50px|50px&#8221; custom_padding_phone=&#8221;&#8221; custom_padding_last_edited=&#8221;on|desktop&#8221; border_radii=&#8221;off||||&#8221; global_colors_info=&#8221;{}&#8221; padding_tablet=&#8221;0px|50px|50px|50px&#8221; padding_last_edited=&#8221;on|desktop&#8221; custom_padding__hover=&#8221;|||&#8221; padding_phone=&#8221;0px|50px|50px|50px&#8221;][et_pb_text _builder_version=&#8221;4.22.1&#8243; text_font=&#8221;Montserrat|300|||||||&#8221; text_font_size=&#8221;32px&#8221; text_line_height=&#8221;1em&#8221; header_font=&#8221;||||||||&#8221; header_font_size=&#8221;38px&#8221; header_2_font=&#8221;Montserrat|300|||||||&#8221; header_2_font_size=&#8221;40px&#8221; header_2_line_height=&#8221;1.2em&#8221; module_alignment=&#8221;center&#8221; custom_margin=&#8221;||12px||false|false&#8221; custom_margin_tablet=&#8221;0px||||false|false&#8221; custom_margin_phone=&#8221;&#8221; custom_margin_last_edited=&#8221;on|phone&#8221; custom_padding=&#8221;|||&#8221; header_2_font_size_tablet=&#8221;&#8221; header_2_font_size_phone=&#8221;30px&#8221; header_2_font_size_last_edited=&#8221;on|phone&#8221; global_colors_info=&#8221;{}&#8221;]<\/p>\n<h3 style=\"text-align: center;\"><strong>Become a donor through your Nota Fiscal Paulista credits!<\/strong><\/h3>\n<p>[\/et_pb_text][et_pb_text _builder_version=&#8221;4.22.1&#8243; _module_preset=&#8221;default&#8221; text_font_size=&#8221;16px&#8221; text_line_height=&#8221;1.8em&#8221; custom_padding=&#8221;||0px|||&#8221; global_colors_info=&#8221;{}&#8221;]<\/p>\n<p style=\"text-align: center;\">By donating your electronic tax receipts, you help fund vital <strong data-start=\"160\" data-end=\"192\">wildlife protection projects<\/strong>, as well as <strong data-start=\"205\" data-end=\"244\">education and awareness initiatives<\/strong> led by Instituto L\u00edbio.<\/p>\n<p>[\/et_pb_text][\/et_pb_column][\/et_pb_row][et_pb_row _builder_version=&#8221;4.22.1&#8243; _module_preset=&#8221;default&#8221; global_colors_info=&#8221;{}&#8221;][et_pb_column type=&#8221;4_4&#8243; _builder_version=&#8221;4.22.1&#8243; _module_preset=&#8221;default&#8221; global_colors_info=&#8221;{}&#8221;][et_pb_image src=&#8221;https:\/\/institutolibio.org.br\/wp-content\/uploads\/2025\/09\/WhatsApp-Image-2025-09-08-at-09.29.51.jpeg&#8221; title_text=&#8221;Nota Fiscal Paulista &#8211; Notas Pela Fauna&#8221; align=&#8221;center&#8221; _builder_version=&#8221;4.22.1&#8243; _module_preset=&#8221;default&#8221; global_colors_info=&#8221;{}&#8221;][\/et_pb_image][\/et_pb_column][\/et_pb_row][et_pb_row _builder_version=&#8221;4.22.1&#8243; _module_preset=&#8221;default&#8221; global_colors_info=&#8221;{}&#8221;][et_pb_column type=&#8221;4_4&#8243; _builder_version=&#8221;4.22.1&#8243; _module_preset=&#8221;default&#8221; global_colors_info=&#8221;{}&#8221;][et_pb_text _builder_version=&#8221;4.22.1&#8243; text_font=&#8221;Montserrat|300|||||||&#8221; text_font_size=&#8221;32px&#8221; text_line_height=&#8221;1em&#8221; header_font=&#8221;||||||||&#8221; header_font_size=&#8221;38px&#8221; header_2_font=&#8221;Montserrat|300|||||||&#8221; header_2_font_size=&#8221;40px&#8221; header_2_line_height=&#8221;1.2em&#8221; module_alignment=&#8221;center&#8221; custom_margin=&#8221;||12px||false|false&#8221; custom_margin_tablet=&#8221;0px||||false|false&#8221; custom_margin_phone=&#8221;&#8221; custom_margin_last_edited=&#8221;on|phone&#8221; custom_padding=&#8221;|||&#8221; header_2_font_size_tablet=&#8221;&#8221; header_2_font_size_phone=&#8221;30px&#8221; header_2_font_size_last_edited=&#8221;on|phone&#8221; global_colors_info=&#8221;{}&#8221;]<\/p>\n<h3 style=\"text-align: left;\">Your company can also support the <strong data-start=\"306\" data-end=\"335\">Tax Receipts for Wildlife<\/strong> program.<\/h3>\n<p>[\/et_pb_text][et_pb_text _builder_version=&#8221;4.22.1&#8243; _module_preset=&#8221;default&#8221; custom_padding=&#8221;||0px|||&#8221; global_colors_info=&#8221;{}&#8221;]<\/p>\n<p>For more information and corporate partnership opportunities, <a href=\"https:\/\/drive.google.com\/drive\/u\/3\/folders\/1onAyL_ISgl49jD2rB5vrYF30dmh9iDq4\">click here<\/a>!<\/p>\n<p>[\/et_pb_text][et_pb_text _builder_version=&#8221;4.22.1&#8243; _module_preset=&#8221;default&#8221; custom_padding=&#8221;||0px|||&#8221; global_colors_info=&#8221;{}&#8221;]<\/p>\n<h4>Instituto Libio<\/h4>\n<p>(11) 98381-8000<\/p>\n<p>contato@institutolibio.org.br<\/p>\n<p>[\/et_pb_text][\/et_pb_column][\/et_pb_row][\/et_pb_section][et_pb_section fb_built=&#8221;1&#8243; _builder_version=&#8221;4.16&#8243; _module_preset=&#8221;default&#8221; background_color=&#8221;#fff9f6&#8243; custom_margin=&#8221;100px||||false|false&#8221; border_radii=&#8221;off|15vw|||&#8221; global_colors_info=&#8221;{}&#8221;][et_pb_row _builder_version=&#8221;4.16&#8243; width=&#8221;100%&#8221; custom_margin=&#8221;|||&#8221; custom_margin_tablet=&#8221;||0px|&#8221; custom_margin_phone=&#8221;&#8221; custom_margin_last_edited=&#8221;on|phone&#8221; custom_padding=&#8221;||2px||false|false&#8221; use_custom_width=&#8221;on&#8221; width_unit=&#8221;off&#8221; custom_width_percent=&#8221;100%&#8221; locked=&#8221;off&#8221; global_colors_info=&#8221;{}&#8221;][et_pb_column type=&#8221;4_4&#8243; _builder_version=&#8221;4.16&#8243; custom_padding=&#8221;||||false|false&#8221; custom_padding_tablet=&#8221;0px|50px|50px|50px&#8221; custom_padding_phone=&#8221;&#8221; custom_padding_last_edited=&#8221;on|desktop&#8221; border_radii=&#8221;off||||&#8221; global_colors_info=&#8221;{}&#8221; padding_tablet=&#8221;0px|50px|50px|50px&#8221; padding_last_edited=&#8221;on|desktop&#8221; custom_padding__hover=&#8221;|||&#8221; padding_phone=&#8221;0px|50px|50px|50px&#8221;][et_pb_text _builder_version=&#8221;4.22.1&#8243; text_font=&#8221;Montserrat|300|||||||&#8221; text_font_size=&#8221;32px&#8221; text_line_height=&#8221;1em&#8221; header_font=&#8221;||||||||&#8221; header_font_size=&#8221;38px&#8221; header_2_font=&#8221;Montserrat|300|||||||&#8221; header_2_font_size=&#8221;30px&#8221; header_2_line_height=&#8221;1.2em&#8221; module_alignment=&#8221;center&#8221; custom_margin=&#8221;||||false|false&#8221; custom_margin_tablet=&#8221;0px||||false|false&#8221; custom_margin_phone=&#8221;&#8221; custom_margin_last_edited=&#8221;on|tablet&#8221; custom_padding=&#8221;|||&#8221; header_2_font_size_tablet=&#8221;&#8221; header_2_font_size_phone=&#8221;30px&#8221; header_2_font_size_last_edited=&#8221;on|phone&#8221; global_colors_info=&#8221;{}&#8221;]<\/p>\n<h2 style=\"text-align: center;\"><span style=\"font-size: x-large;\"><strong>Do you manage or know an organization interested in partnerships for environmental preservation?<\/strong><\/span><\/h2>\n<p>[\/et_pb_text][et_pb_text _builder_version=&#8221;4.22.1&#8243; text_font=&#8221;Montserrat|300|||||||&#8221; text_font_size=&#8221;16px&#8221; text_line_height=&#8221;2em&#8221; link_font=&#8221;||||||||&#8221; ul_font=&#8221;||||||||&#8221; ol_font=&#8221;||||||||&#8221; quote_font=&#8221;||||||||&#8221; header_font=&#8221;||||||||&#8221; header_2_font=&#8221;Montserrat|300|||||||&#8221; header_2_text_color=&#8221;#212d3b&#8221; header_2_font_size=&#8221;40px&#8221; header_2_line_height=&#8221;1.5em&#8221; custom_margin=&#8221;||||false|false&#8221; custom_margin_tablet=&#8221;0px|50px||50px&#8221; custom_margin_last_edited=&#8221;off|desktop&#8221; custom_padding=&#8221;|||&#8221; global_colors_info=&#8221;{}&#8221;]<\/p>\n<p style=\"text-align: center;\">Get in touch with us through the <strong data-start=\"137\" data-end=\"151\">form below<\/strong>.<\/p>\n<p>[\/et_pb_text][\/et_pb_column][\/et_pb_row][et_pb_row custom_padding_last_edited=&#8221;on|phone&#8221; _builder_version=&#8221;4.16&#8243; width=&#8221;100%&#8221; custom_margin=&#8221;25px||0px||false|false&#8221; custom_margin_tablet=&#8221;||0px|&#8221; custom_margin_phone=&#8221;&#8221; custom_margin_last_edited=&#8221;on|desktop&#8221; custom_padding=&#8221;0px||66px||false|false&#8221; custom_padding_tablet=&#8221;&#8221; custom_padding_phone=&#8221;25px|0%|150px|0%|false|false&#8221; use_custom_width=&#8221;on&#8221; width_unit=&#8221;off&#8221; custom_width_percent=&#8221;100%&#8221; locked=&#8221;off&#8221; global_colors_info=&#8221;{}&#8221;][et_pb_column type=&#8221;4_4&#8243; _builder_version=&#8221;4.16&#8243; custom_padding=&#8221;||||false|false&#8221; custom_padding_tablet=&#8221;0px|50px|50px|50px&#8221; custom_padding_phone=&#8221;&#8221; custom_padding_last_edited=&#8221;on|desktop&#8221; border_radii=&#8221;off||||&#8221; global_colors_info=&#8221;{}&#8221; padding_tablet=&#8221;0px|50px|50px|50px&#8221; padding_last_edited=&#8221;on|desktop&#8221; custom_padding__hover=&#8221;|||&#8221; padding_phone=&#8221;0px|50px|50px|50px&#8221;][wpforms_selector form_id=&#8221;2950&#8243; _builder_version=&#8221;4.22.1&#8243; _module_preset=&#8221;default&#8221; global_colors_info=&#8221;{}&#8221;][\/wpforms_selector][\/et_pb_column][\/et_pb_row][\/et_pb_section][et_pb_section fb_built=&#8221;1&#8243; disabled_on=&#8221;on|on|on&#8221; admin_label=&#8221;Call To Action&#8221; _builder_version=&#8221;4.16&#8243; background_color=&#8221;#f4f9e6&#8243; background_image=&#8221;http:\/\/libio.org.br\/wp-content\/uploads\/2020\/11\/Retangulo-4.png&#8221; background_size=&#8221;contain&#8221; background_position=&#8221;center_left&#8221; custom_margin=&#8221;0px|0px|0px|0px&#8221; custom_padding=&#8221;0|0px|0|0px|false|false&#8221; border_color_all=&#8221;#f1f5f7&#8243; border_width_bottom=&#8221;50px&#8221; disabled=&#8221;on&#8221; locked=&#8221;off&#8221; global_colors_info=&#8221;{}&#8221;][et_pb_row column_structure=&#8221;1_3,1_3,1_3&#8243; use_custom_gutter=&#8221;on&#8221; module_class=&#8221;news&#8221; _builder_version=&#8221;4.16&#8243; use_background_color_gradient=&#8221;on&#8221; background_color_gradient_stops=&#8221;rgba(49,128,192,0.2) 0%|rgba(49,128,192,0.6) 100%&#8221; background_color_gradient_overlays_image=&#8221;on&#8221; background_color_gradient_start=&#8221;rgba(49,128,192,0.2)&#8221; background_color_gradient_end=&#8221;rgba(49,128,192,0.6)&#8221; background_image=&#8221;http:\/\/libio.org.br\/wp-content\/uploads\/2020\/12\/passaro-compressed-1.jpg&#8221; width=&#8221;93%&#8221; max_width=&#8221;93%&#8221; module_alignment=&#8221;right&#8221; custom_margin=&#8221;|||&#8221; custom_margin_phone=&#8221;|||&#8221; custom_margin_last_edited=&#8221;off|desktop&#8221; custom_padding=&#8221;150px|40px|150px|40px|true|true&#8221; animation_style=&#8221;slide&#8221; animation_direction=&#8221;right&#8221; animation_intensity_slide=&#8221;1%&#8221; border_radii=&#8221;|30px|||30px&#8221; box_shadow_style=&#8221;preset3&#8243; box_shadow_vertical=&#8221;30px&#8221; box_shadow_blur=&#8221;80px&#8221; box_shadow_spread=&#8221;-30px&#8221; box_shadow_color=&#8221;rgba(124,218,36,0.3)&#8221; use_custom_width=&#8221;on&#8221; width_unit=&#8221;off&#8221; custom_width_percent=&#8221;93%&#8221; global_colors_info=&#8221;{}&#8221;][et_pb_column type=&#8221;1_3&#8243; _builder_version=&#8221;4.16&#8243; custom_padding=&#8221;|||&#8221; global_colors_info=&#8221;{}&#8221; custom_padding__hover=&#8221;|||&#8221;][\/et_pb_column][et_pb_column type=&#8221;1_3&#8243; _builder_version=&#8221;4.16&#8243; custom_padding=&#8221;|||&#8221; global_colors_info=&#8221;{}&#8221; custom_padding__hover=&#8221;|||&#8221;][et_pb_text _builder_version=&#8221;4.16&#8243; header_font=&#8221;||||||||&#8221; header_2_font=&#8221;Montserrat|300|||||||&#8221; header_2_text_align=&#8221;center&#8221; header_2_text_color=&#8221;#ffffff&#8221; header_2_font_size=&#8221;30px&#8221; header_2_line_height=&#8221;1.4em&#8221; max_width=&#8221;900px&#8221; module_alignment=&#8221;center&#8221; custom_margin=&#8221;||15px|||&#8221; header_2_font_size_tablet=&#8221;40px&#8221; header_2_font_size_phone=&#8221;30px&#8221; header_2_font_size_last_edited=&#8221;on|phone&#8221; global_colors_info=&#8221;{}&#8221;]<\/p>\n<h2>Assine nossa newsletter<\/h2>\n<p>[\/et_pb_text][wpforms_selector form_id=&#8221;1672&#8243; _builder_version=&#8221;4.6.1&#8243; _module_preset=&#8221;default&#8221; global_colors_info=&#8221;{}&#8221;][\/wpforms_selector][\/et_pb_column][et_pb_column type=&#8221;1_3&#8243; _builder_version=&#8221;4.16&#8243; custom_padding=&#8221;|||&#8221; global_colors_info=&#8221;{}&#8221; custom_padding__hover=&#8221;|||&#8221;][\/et_pb_column][\/et_pb_row][\/et_pb_section]<\/p>\n","protected":false},"excerpt":{"rendered":"<p>Become a donor through your Nota Fiscal Paulista credits!By donating your electronic tax receipts, you help fund vital wildlife protection projects, as well as education and awareness initiatives led by Instituto L\u00edbio.Your company can also support the Tax Receipts for Wildlife program.For more information and corporate partnership opportunities, click here!Instituto Libio (11) 98381-8000 contato@institutolibio.org.brDo [&hellip;]<\/p>\n","protected":false},"author":8,"featured_media":0,"parent":0,"menu_order":0,"comment_status":"closed","ping_status":"closed","template":"","meta":{"_et_pb_use_builder":"on","_et_pb_old_content":"","_et_gb_content_width":"","footnotes":""},"class_list":["post-6674","page","type-page","status-publish","hentry"],"yoast_head":"<!-- This site is optimized with the Yoast SEO plugin v27.2 - https:\/\/yoast.com\/product\/yoast-seo-wordpress\/ -->\n<title>Tax Receipts for Wildlife - Instituto Libio<\/title>\n<meta name=\"robots\" content=\"index, follow, max-snippet:-1, max-image-preview:large, max-video-preview:-1\" \/>\n<link rel=\"canonical\" href=\"https:\/\/institutolibio.org.br\/en\/tax-receipts-for-wildlife\/\" \/>\n<meta property=\"og:locale\" content=\"en_US\" \/>\n<meta property=\"og:type\" content=\"article\" \/>\n<meta property=\"og:title\" content=\"Tax Receipts for Wildlife - Instituto Libio\" \/>\n<meta property=\"og:description\" content=\"Conhe\u00e7a os recursos dispon\u00edveis para denunciar crime ambientalSaber como denunciar crime ambiental \u00e9 fundamental para contribuir com a preserva\u00e7\u00e3o da natureza. Por isso, reunimos nesta p\u00e1gina algumas informa\u00e7\u00f5es e canais que podem te ajudar a cumprir este objetivo.Linha VerdeA Linha Verde \u00e9 a central de den\u00fancias do Instituto Brasileiro do Meio Ambiente e dos [&hellip;]\" \/>\n<meta property=\"og:url\" content=\"https:\/\/institutolibio.org.br\/en\/tax-receipts-for-wildlife\/\" \/>\n<meta property=\"og:site_name\" content=\"Instituto Libio\" \/>\n<meta property=\"article:modified_time\" content=\"2025-11-04T16:58:11+00:00\" \/>\n<meta name=\"twitter:card\" content=\"summary_large_image\" \/>\n<meta name=\"twitter:label1\" content=\"Est. reading time\" \/>\n\t<meta name=\"twitter:data1\" content=\"1 minute\" \/>\n<script type=\"application\/ld+json\" class=\"yoast-schema-graph\">{\"@context\":\"https:\/\/schema.org\",\"@graph\":[{\"@type\":\"WebPage\",\"@id\":\"https:\/\/institutolibio.org.br\/en\/tax-receipts-for-wildlife\/\",\"url\":\"https:\/\/institutolibio.org.br\/en\/tax-receipts-for-wildlife\/\",\"name\":\"Tax Receipts for Wildlife - Instituto Libio\",\"isPartOf\":{\"@id\":\"https:\/\/institutolibio.org.br\/#website\"},\"datePublished\":\"2025-09-08T00:15:42+00:00\",\"dateModified\":\"2025-11-04T16:58:11+00:00\",\"breadcrumb\":{\"@id\":\"https:\/\/institutolibio.org.br\/en\/tax-receipts-for-wildlife\/#breadcrumb\"},\"inLanguage\":\"en-EUA\",\"potentialAction\":[{\"@type\":\"ReadAction\",\"target\":[\"https:\/\/institutolibio.org.br\/en\/tax-receipts-for-wildlife\/\"]}]},{\"@type\":\"BreadcrumbList\",\"@id\":\"https:\/\/institutolibio.org.br\/en\/tax-receipts-for-wildlife\/#breadcrumb\",\"itemListElement\":[{\"@type\":\"ListItem\",\"position\":1,\"name\":\"In\u00edcio\",\"item\":\"https:\/\/institutolibio.org.br\/en\/\"},{\"@type\":\"ListItem\",\"position\":2,\"name\":\"Tax Receipts for Wildlife\"}]},{\"@type\":\"WebSite\",\"@id\":\"https:\/\/institutolibio.org.br\/#website\",\"url\":\"https:\/\/institutolibio.org.br\/\",\"name\":\"Instituto Libio\",\"description\":\"Prote\u00e7\u00e3o \u00e0 Natureza\",\"publisher\":{\"@id\":\"https:\/\/institutolibio.org.br\/#organization\"},\"potentialAction\":[{\"@type\":\"SearchAction\",\"target\":{\"@type\":\"EntryPoint\",\"urlTemplate\":\"https:\/\/institutolibio.org.br\/?s={search_term_string}\"},\"query-input\":{\"@type\":\"PropertyValueSpecification\",\"valueRequired\":true,\"valueName\":\"search_term_string\"}}],\"inLanguage\":\"en-EUA\"},{\"@type\":\"Organization\",\"@id\":\"https:\/\/institutolibio.org.br\/#organization\",\"name\":\"Instituto Libio\",\"url\":\"https:\/\/institutolibio.org.br\/\",\"logo\":{\"@type\":\"ImageObject\",\"inLanguage\":\"en-EUA\",\"@id\":\"https:\/\/institutolibio.org.br\/#\/schema\/logo\/image\/\",\"url\":\"https:\/\/institutolibio.org.br\/wp-content\/uploads\/2023\/02\/logo-libio-cor.png\",\"contentUrl\":\"https:\/\/institutolibio.org.br\/wp-content\/uploads\/2023\/02\/logo-libio-cor.png\",\"width\":153,\"height\":57,\"caption\":\"Instituto Libio\"},\"image\":{\"@id\":\"https:\/\/institutolibio.org.br\/#\/schema\/logo\/image\/\"}}]}<\/script>\n<!-- \/ Yoast SEO plugin. -->","yoast_head_json":{"title":"Tax Receipts for Wildlife - Instituto Libio","robots":{"index":"index","follow":"follow","max-snippet":"max-snippet:-1","max-image-preview":"max-image-preview:large","max-video-preview":"max-video-preview:-1"},"canonical":"https:\/\/institutolibio.org.br\/en\/tax-receipts-for-wildlife\/","og_locale":"en_US","og_type":"article","og_title":"Tax Receipts for Wildlife - Instituto Libio","og_description":"Conhe\u00e7a os recursos dispon\u00edveis para denunciar crime ambientalSaber como denunciar crime ambiental \u00e9 fundamental para contribuir com a preserva\u00e7\u00e3o da natureza. Por isso, reunimos nesta p\u00e1gina algumas informa\u00e7\u00f5es e canais que podem te ajudar a cumprir este objetivo.Linha VerdeA Linha Verde \u00e9 a central de den\u00fancias do Instituto Brasileiro do Meio Ambiente e dos [&hellip;]","og_url":"https:\/\/institutolibio.org.br\/en\/tax-receipts-for-wildlife\/","og_site_name":"Instituto Libio","article_modified_time":"2025-11-04T16:58:11+00:00","twitter_card":"summary_large_image","twitter_misc":{"Est. reading time":"1 minute"},"schema":{"@context":"https:\/\/schema.org","@graph":[{"@type":"WebPage","@id":"https:\/\/institutolibio.org.br\/en\/tax-receipts-for-wildlife\/","url":"https:\/\/institutolibio.org.br\/en\/tax-receipts-for-wildlife\/","name":"Tax Receipts for Wildlife - Instituto Libio","isPartOf":{"@id":"https:\/\/institutolibio.org.br\/#website"},"datePublished":"2025-09-08T00:15:42+00:00","dateModified":"2025-11-04T16:58:11+00:00","breadcrumb":{"@id":"https:\/\/institutolibio.org.br\/en\/tax-receipts-for-wildlife\/#breadcrumb"},"inLanguage":"en-EUA","potentialAction":[{"@type":"ReadAction","target":["https:\/\/institutolibio.org.br\/en\/tax-receipts-for-wildlife\/"]}]},{"@type":"BreadcrumbList","@id":"https:\/\/institutolibio.org.br\/en\/tax-receipts-for-wildlife\/#breadcrumb","itemListElement":[{"@type":"ListItem","position":1,"name":"In\u00edcio","item":"https:\/\/institutolibio.org.br\/en\/"},{"@type":"ListItem","position":2,"name":"Tax Receipts for Wildlife"}]},{"@type":"WebSite","@id":"https:\/\/institutolibio.org.br\/#website","url":"https:\/\/institutolibio.org.br\/","name":"Instituto Libio","description":"Prote\u00e7\u00e3o \u00e0 Natureza","publisher":{"@id":"https:\/\/institutolibio.org.br\/#organization"},"potentialAction":[{"@type":"SearchAction","target":{"@type":"EntryPoint","urlTemplate":"https:\/\/institutolibio.org.br\/?s={search_term_string}"},"query-input":{"@type":"PropertyValueSpecification","valueRequired":true,"valueName":"search_term_string"}}],"inLanguage":"en-EUA"},{"@type":"Organization","@id":"https:\/\/institutolibio.org.br\/#organization","name":"Instituto Libio","url":"https:\/\/institutolibio.org.br\/","logo":{"@type":"ImageObject","inLanguage":"en-EUA","@id":"https:\/\/institutolibio.org.br\/#\/schema\/logo\/image\/","url":"https:\/\/institutolibio.org.br\/wp-content\/uploads\/2023\/02\/logo-libio-cor.png","contentUrl":"https:\/\/institutolibio.org.br\/wp-content\/uploads\/2023\/02\/logo-libio-cor.png","width":153,"height":57,"caption":"Instituto Libio"},"image":{"@id":"https:\/\/institutolibio.org.br\/#\/schema\/logo\/image\/"}}]}},"_links":{"self":[{"href":"https:\/\/institutolibio.org.br\/en\/wp-json\/wp\/v2\/pages\/6674","targetHints":{"allow":["GET"]}}],"collection":[{"href":"https:\/\/institutolibio.org.br\/en\/wp-json\/wp\/v2\/pages"}],"about":[{"href":"https:\/\/institutolibio.org.br\/en\/wp-json\/wp\/v2\/types\/page"}],"author":[{"embeddable":true,"href":"https:\/\/institutolibio.org.br\/en\/wp-json\/wp\/v2\/users\/8"}],"replies":[{"embeddable":true,"href":"https:\/\/institutolibio.org.br\/en\/wp-json\/wp\/v2\/comments?post=6674"}],"version-history":[{"count":6,"href":"https:\/\/institutolibio.org.br\/en\/wp-json\/wp\/v2\/pages\/6674\/revisions"}],"predecessor-version":[{"id":6698,"href":"https:\/\/institutolibio.org.br\/en\/wp-json\/wp\/v2\/pages\/6674\/revisions\/6698"}],"wp:attachment":[{"href":"https:\/\/institutolibio.org.br\/en\/wp-json\/wp\/v2\/media?parent=6674"}],"curies":[{"name":"wp","href":"https:\/\/api.w.org\/{rel}","templated":true}]}}